{"id":3,"date":"2024-04-18T19:35:49","date_gmt":"2024-04-18T17:35:49","guid":{"rendered":"https:\/\/icsl.ae\/?page_id=3"},"modified":"2024-12-17T06:58:44","modified_gmt":"2024-12-17T05:58:44","slug":"verklaring-gegevensbescherming","status":"publish","type":"page","link":"https:\/\/icsl.ae\/nl\/verklaring-gegevensbescherming\/","title":{"rendered":"Privacybeleid"},"content":{"rendered":"<h3 class=\"wp-block-heading\">Privacybeleid<\/h3>\n\n\n\n<h4 class=\"wp-block-heading\"><strong>ICSL Dubai - International Capital Solutions Lawyers<\/strong><\/h4>\n\n\n\n<p>De bescherming van uw persoonlijke gegevens is belangrijk voor ons, ICSL Dubai, International Capital Solutions Lawyers. Hieronder informeren wij u over het verzamelen, verwerken en gebruiken van uw persoonlijke gegevens in overeenstemming met de toepasselijke regelgeving inzake gegevensbescherming, waaronder de General Data Protection Regulation (GDPR).<\/p>\n\n\n\n<hr class=\"wp-block-separator has-alpha-channel-opacity\"\/>\n\n\n\n<h3 class=\"wp-block-heading\"><strong>1. verantwoordelijke persoon<\/strong><\/h3>\n\n\n\n<p>ICSL Dubai - International Capital Solutions Lawyers<br>Business Bay, Dubai, Verenigde Arabische Emiraten<br>E-mail: hello@icsl.ae<br><\/p>\n\n\n\n<hr class=\"wp-block-separator has-alpha-channel-opacity\"\/>\n\n\n\n<h3 class=\"wp-block-heading\"><strong>2. verzamelen en verwerken van persoonlijke gegevens<\/strong><\/h3>\n\n\n\n<p>Wij verzamelen en verwerken uw persoonlijke gegevens uitsluitend binnen het kader van de wettelijke bepalingen. Dit omvat<\/p>\n\n\n\n<ol class=\"wp-block-list\">\n<li><strong>Neem contact met ons op:<\/strong>\n<ul class=\"wp-block-list\">\n<li>Naam, e-mailadres, telefoonnummer en andere informatie die u vrijwillig aan ons verstrekt in het kader van vragen.<\/li>\n\n\n\n<li>Doel: Uw vragen verwerken en advies geven.<\/li>\n<\/ul>\n<\/li>\n\n\n\n<li><strong>Gebruik van onze website:<\/strong>\n<ul class=\"wp-block-list\">\n<li>IP-adres, datum en tijd van de aanvraag, browsertype, besturingssysteem en toegangslogboek.<\/li>\n\n\n\n<li>Doel: Zorgen voor een soepele werking van de website en het optimaliseren van ons aanbod.<\/li>\n<\/ul>\n<\/li>\n\n\n\n<li><strong>Diensten:<\/strong>\n<ul class=\"wp-block-list\">\n<li>Gegevens in verband met de klantrelatie, bijv. zakelijke informatie of documenten die u aan ons verstrekt.<\/li>\n\n\n\n<li>Doel: Om aan onze contractuele en wettelijke verplichtingen te voldoen.<\/li>\n<\/ul>\n<\/li>\n<\/ol>\n\n\n\n<hr class=\"wp-block-separator has-alpha-channel-opacity\"\/>\n\n\n\n<h3 class=\"wp-block-heading\"><strong>3. rechtsgrondslag voor gegevensverwerking<\/strong><\/h3>\n\n\n\n<p>Uw gegevens worden op de volgende rechtsgronden verwerkt:<\/p>\n\n\n\n<ul class=\"wp-block-list\">\n<li><strong>Voldoen aan contractuele verplichtingen<\/strong>&nbsp;krachtens Art. 6 par. 1 lit. b GDPR.<\/li>\n\n\n\n<li><strong>Toestemming<\/strong>&nbsp;in overeenstemming met Art. 6 par. 1 lit. a GDPR, indien u hiervoor toestemming heeft gegeven.<\/li>\n\n\n\n<li><strong>Legitieme belangen<\/strong>&nbsp;krachtens Art. 6 par. 1 lit. f GDPR, bijv. voor het optimaliseren van onze website.<\/li>\n\n\n\n<li><strong>Wettelijke verplichtingen<\/strong>&nbsp;krachtens Art. 6 lid 1 lit. c GDPR.<\/li>\n<\/ul>\n\n\n\n<hr class=\"wp-block-separator has-alpha-channel-opacity\"\/>\n\n\n\n<h3 class=\"wp-block-heading\"><strong>4. bekendmaking van gegevens aan derden<\/strong><\/h3>\n\n\n\n<p>Wij geven uw persoonlijke gegevens alleen door als dit noodzakelijk is, bijvoorbeeld:<\/p>\n\n\n\n<ul class=\"wp-block-list\">\n<li>Aan autoriteiten of rechtbanken, indien wettelijk vereist.<\/li>\n\n\n\n<li>Aan dienstverleners zoals IT-dienstverleners of hostingproviders die ons ondersteunen bij de verwerking.<\/li>\n\n\n\n<li>Aan partner advocatenkantoren, als dit nodig is voor de verwerking van het mandaat.<\/li>\n<\/ul>\n\n\n\n<p>Gegevens worden alleen doorgegeven aan derde landen als deze voldoen aan de wettelijke normen voor gegevensbescherming of als er geschikte beschermingsmaatregelen zijn getroffen.<\/p>\n\n\n\n<hr class=\"wp-block-separator has-alpha-channel-opacity\"\/>\n\n\n\n<h3 class=\"wp-block-heading\"><strong>5. cookies en trackingtechnologie\u00ebn<\/strong><\/h3>\n\n\n\n<p>Onze website maakt gebruik van cookies om de gebruikerservaring te verbeteren. U kunt het opslaan van cookies voorkomen door de juiste instellingen in uw browser te selecteren. Dit kan echter leiden tot beperkingen in het gebruik van onze website.<\/p>\n\n\n\n<ul class=\"wp-block-list\">\n<li><strong>Verplichte cookies:<\/strong>&nbsp;Noodzakelijk voor de werking van de website.<\/li>\n\n\n\n<li><strong>Cookies voor statistiek en analyse:<\/strong>&nbsp;Geanonimiseerde gegevens verzamelen om onze inhoud te verbeteren (Google Analytics).<\/li>\n<\/ul>\n\n\n\n<hr class=\"wp-block-separator has-alpha-channel-opacity\"\/>\n\n\n\n<h3 class=\"wp-block-heading\"><strong>6. opslagperiode<\/strong><\/h3>\n\n\n\n<p>Wij slaan uw gegevens alleen op zolang als nodig is voor het betreffende doel:<\/p>\n\n\n\n<ul class=\"wp-block-list\">\n<li>Verzoeken: Tot volledige verwerking.<\/li>\n\n\n\n<li>Contractgegevens: Voor de duur van de wettelijke bewaartermijnen.<\/li>\n\n\n\n<li>Cookies: Afhankelijk van de instellingen van uw browser.<\/li>\n<\/ul>\n\n\n\n<hr class=\"wp-block-separator has-alpha-channel-opacity\"\/>\n\n\n\n<h3 class=\"wp-block-heading\"><strong>7. uw rechten<\/strong><\/h3>\n\n\n\n<p>U hebt de volgende rechten met betrekking tot uw persoonlijke gegevens:<\/p>\n\n\n\n<ul class=\"wp-block-list\">\n<li><strong>Informatie:<\/strong>&nbsp;Over de gegevens die we opslaan.<\/li>\n\n\n\n<li><strong>Correctie:<\/strong>&nbsp;Onjuiste of onvolledige gegevens.<\/li>\n\n\n\n<li><strong>Annulering:<\/strong>&nbsp;uw gegevens, mits er geen wettelijke bewaarplicht is.<\/li>\n\n\n\n<li><strong>Beperking van de verwerking:<\/strong>&nbsp;Als de gegevensverwerking onwettig is.<\/li>\n\n\n\n<li><strong>Tegenstrijdigheid:<\/strong>&nbsp;Tegen verwerking op basis van legitieme belangen.<\/li>\n\n\n\n<li><strong>Gegevensportabiliteit:<\/strong>&nbsp;Overdracht van uw gegevens aan u of een derde partij.<\/li>\n<\/ul>\n\n\n\n<p>Om deze rechten uit te oefenen, kunt u contact met ons opnemen via hello@icsl.ae.<\/p>\n\n\n\n<hr class=\"wp-block-separator has-alpha-channel-opacity\"\/>\n\n\n\n<h3 class=\"wp-block-heading\"><strong>8. gegevensbeveiliging<\/strong><\/h3>\n\n\n\n<p>Wij gebruiken technische en organisatorische maatregelen om uw gegevens te beschermen tegen ongeoorloofde toegang, verlies of misbruik. Onze maatregelen worden regelmatig herzien en aangepast aan de stand van de techniek.<\/p>\n\n\n\n<hr class=\"wp-block-separator has-alpha-channel-opacity\"\/>\n\n\n\n<h3 class=\"wp-block-heading\"><strong>9. wijzigingen in het privacybeleid<\/strong><\/h3>\n\n\n\n<p>Wij behouden ons het recht voor om dit privacybeleid bij te werken in geval van wijzigingen in de wettelijke of technische kadervoorwaarden. De huidige versie is altijd beschikbaar op onze website.<\/p>\n\n\n\n<hr class=\"wp-block-separator has-alpha-channel-opacity\"\/>\n\n\n\n<h3 class=\"wp-block-heading\"><strong>10. contact<\/strong><\/h3>\n\n\n\n<p>Als u vragen hebt over gegevensbescherming of het uitoefenen van uw rechten, neem dan contact met ons op:<\/p>\n\n\n\n<p>ICSL Dubai - International Capital Solutions Lawyers<br>E-mail: hello@icsl.ae<\/p>","protected":false},"excerpt":{"rendered":"<p>Datenschutzerkl\u00e4rung ICSL Dubai \u2013 International Capital Solutions Lawyers Der Schutz Ihrer personenbezogenen Daten ist uns, der ICSL Dubai, International Capital Solutions Lawyers, ein wichtiges Anliegen. Nachfolgend informieren wir Sie gem\u00e4\u00df den geltenden datenschutzrechtlichen Vorschriften, einschlie\u00dflich der Datenschutz-Grundverordnung (DSGVO), \u00fcber die Erhebung, Verarbeitung und Nutzung Ihrer personenbezogenen Daten. 1. Verantwortlicher ICSL Dubai \u2013 International Capital Solutions [&hellip;]<\/p>","protected":false},"author":1,"featured_media":0,"parent":0,"menu_order":0,"comment_status":"closed","ping_status":"open","template":"","meta":{"_acf_changed":false,"footnotes":""},"class_list":["post-3","page","type-page","status-publish","hentry"],"acf":[],"jetpack_sharing_enabled":true,"_links":{"self":[{"href":"https:\/\/icsl.ae\/nl\/wp-json\/wp\/v2\/pages\/3","targetHints":{"allow":["GET"]}}],"collection":[{"href":"https:\/\/icsl.ae\/nl\/wp-json\/wp\/v2\/pages"}],"about":[{"href":"https:\/\/icsl.ae\/nl\/wp-json\/wp\/v2\/types\/page"}],"author":[{"embeddable":true,"href":"https:\/\/icsl.ae\/nl\/wp-json\/wp\/v2\/users\/1"}],"replies":[{"embeddable":true,"href":"https:\/\/icsl.ae\/nl\/wp-json\/wp\/v2\/comments?post=3"}],"version-history":[{"count":3,"href":"https:\/\/icsl.ae\/nl\/wp-json\/wp\/v2\/pages\/3\/revisions"}],"predecessor-version":[{"id":1886,"href":"https:\/\/icsl.ae\/nl\/wp-json\/wp\/v2\/pages\/3\/revisions\/1886"}],"wp:attachment":[{"href":"https:\/\/icsl.ae\/nl\/wp-json\/wp\/v2\/media?parent=3"}],"curies":[{"name":"wp","href":"https:\/\/api.w.org\/{rel}","templated":true}]}}