{"id":1971,"date":"2024-12-19T06:58:19","date_gmt":"2024-12-19T05:58:19","guid":{"rendered":"https:\/\/icsl.ae\/?page_id=1971"},"modified":"2024-12-19T06:58:22","modified_gmt":"2024-12-19T05:58:22","slug":"opdruk","status":"publish","type":"page","link":"https:\/\/icsl.ae\/nl\/opdruk\/","title":{"rendered":"Afdruk"},"content":{"rendered":"<h3 class=\"wp-block-heading\">Afdruk<\/h3>\n\n\n\n<h3 class=\"wp-block-heading\"><strong>1. verantwoordelijke persoon<\/strong><\/h3>\n\n\n\n<p>ICSL Dubai - International Capital Solutions Lawyers<br>Business Bay, Dubai, Verenigde Arabische Emiraten<br>E-mail: hello@icsl.ae<br><\/p>\n\n\n\n<hr class=\"wp-block-separator has-alpha-channel-opacity\"\/>\n\n\n\n<h3 class=\"wp-block-heading\"><strong>COPYRIGHT<\/strong><\/h3>\n\n\n\n<p>Alle inhoud van onze website is auteursrechtelijk beschermd. Het gebruik van de inhoud is uitdrukkelijk toegestaan voor priv\u00e9-, niet-commerci\u00eble doeleinden. In geval van reproductie blijven de auteursrechten en eigendomsrechten van\u00a0<strong>ICSL Dubai<\/strong> om u erop te wijzen. De inhoud mag niet worden gewijzigd en mag niet worden gebruikt zonder schriftelijke toestemming van\u00a0<strong>ICSL Dubai<\/strong>\u00a0mag niet worden gebruikt op andere websites of op netwerkcomputers. Voor elk gebruik voor openbare of commerci\u00eble doeleinden is voorafgaande schriftelijke toestemming vereist. Overtredingen van deze voorwaarden vereisen de onmiddellijke vernietiging van alle betrokken inhoud. Wij behouden ons het recht voor om verdere schadeclaims in te dienen.<\/p>\n\n\n\n<p><strong>AANSPRAKELIJKHEID<\/strong><\/p>\n\n\n\n<p>ICSL Dubai is verantwoordelijk voor haar eigen inhoud op deze website. Onze website kan links bevatten naar websites van derden. Wij aanvaarden geen verantwoordelijkheid voor externe inhoud die via dergelijke links toegankelijk is. Alle externe inhoud werd gecontroleerd op illegale inhoud op het moment dat de link voor het eerst werd gemaakt. Mochten wij ons bewust worden van wettelijke overtredingen, dan wordt de betreffende link onmiddellijk verwijderd.<\/p>\n\n\n\n<p><strong>GARANTIE<\/strong><\/p>\n\n\n\n<p>De informatie op onze website wordt met de grootst mogelijke zorg verstrekt. ICSL Dubai aanvaardt echter geen aansprakelijkheid voor de volledigheid, nauwkeurigheid of geschiktheid van de inhoud voor specifieke doeleinden. Het gebruik van de aangeboden inhoud is op eigen risico van de gebruiker.<\/p>\n\n\n\n<p><em>(Neem voor vragen over het gebruik van de inhoud of juridische informatie rechtstreeks contact met ons op).<\/em><\/p>","protected":false},"excerpt":{"rendered":"<p>Impressum 1. Verantwortlicher ICSL Dubai \u2013 International Capital Solutions LawyersBusiness Bay, Dubai, Vereinigte Arabische EmirateE-Mail: hello@icsl.ae URHEBERRECHT Alle Inhalte unserer Webseite sind urheberrechtlich gesch\u00fctzt. Die Nutzung der Inhalte ist ausdr\u00fccklich f\u00fcr private, nicht kommerzielle Zwecke gestattet. Bei Vervielf\u00e4ltigungen ist auf die Urheber- und Eigentumsrechte von\u00a0ICSL Dubai hinzuweisen. Inhalte d\u00fcrfen nicht ver\u00e4ndert werden und ohne schriftliche [&hellip;]<\/p>","protected":false},"author":1,"featured_media":0,"parent":0,"menu_order":0,"comment_status":"closed","ping_status":"open","template":"","meta":{"_acf_changed":false,"footnotes":""},"class_list":["post-1971","page","type-page","status-publish","hentry"],"acf":[],"jetpack_sharing_enabled":true,"_links":{"self":[{"href":"https:\/\/icsl.ae\/nl\/wp-json\/wp\/v2\/pages\/1971","targetHints":{"allow":["GET"]}}],"collection":[{"href":"https:\/\/icsl.ae\/nl\/wp-json\/wp\/v2\/pages"}],"about":[{"href":"https:\/\/icsl.ae\/nl\/wp-json\/wp\/v2\/types\/page"}],"author":[{"embeddable":true,"href":"https:\/\/icsl.ae\/nl\/wp-json\/wp\/v2\/users\/1"}],"replies":[{"embeddable":true,"href":"https:\/\/icsl.ae\/nl\/wp-json\/wp\/v2\/comments?post=1971"}],"version-history":[{"count":2,"href":"https:\/\/icsl.ae\/nl\/wp-json\/wp\/v2\/pages\/1971\/revisions"}],"predecessor-version":[{"id":1973,"href":"https:\/\/icsl.ae\/nl\/wp-json\/wp\/v2\/pages\/1971\/revisions\/1973"}],"wp:attachment":[{"href":"https:\/\/icsl.ae\/nl\/wp-json\/wp\/v2\/media?parent=1971"}],"curies":[{"name":"wp","href":"https:\/\/api.w.org\/{rel}","templated":true}]}}