{"id":2057,"date":"2025-01-10T03:08:46","date_gmt":"2025-01-10T02:08:46","guid":{"rendered":"https:\/\/icsl.ae\/?post_type=product&#038;p=2057"},"modified":"2025-05-11T23:01:33","modified_gmt":"2025-05-11T21:01:33","slug":"decret-federal-n-42-de-2022-portant-introduction-du-code-de-procedure-civile","status":"publish","type":"product","link":"https:\/\/icsl.ae\/fr\/produit\/decret-federal-n-42-de-2022-portant-introduction-du-code-de-procedure-civile\/","title":{"rendered":"D\u00e9cret-loi f\u00e9d\u00e9ral n\u00b0 (42) de 2022 portant introduction du code de proc\u00e9dure civile"},"content":{"rendered":"<p>Le site <strong>D\u00e9cret-loi f\u00e9d\u00e9ral n\u00b0 (42) de 2022<\/strong> marque une avanc\u00e9e significative dans le syst\u00e8me juridique des \u00c9mirats arabes unis avec l'introduction du code de proc\u00e9dure civile. Cette loi codifie et modernise les proc\u00e9dures de r\u00e8glement des litiges civils afin de garantir l'efficacit\u00e9, la transparence et l'\u00e9quit\u00e9. Elle \u00e9tablit des r\u00e8gles claires en mati\u00e8re de comp\u00e9tence, d'introduction des actions en justice, de d\u00e9lais, de preuve et d'ex\u00e9cution des jugements.<\/p>\n<p>La loi renforce la s\u00e9curit\u00e9 juridique pour les particuliers et les entreprises en int\u00e9grant des normes internationales et en introduisant des technologies num\u00e9riques dans les processus judiciaires. En mettant particuli\u00e8rement l'accent sur la m\u00e9diation et les m\u00e9thodes alternatives de r\u00e8glement des litiges, elle favorise une r\u00e9solution plus rapide et plus rentable des litiges. Le Code de proc\u00e9dure civile est un \u00e9l\u00e9ment essentiel des r\u00e9formes juridiques aux E.A.U. et soutient l'attractivit\u00e9 du pays en tant que centre \u00e9conomique mondial.<\/p>","protected":false},"excerpt":{"rendered":"<p>Le livre sur le <strong>\"D\u00e9cret f\u00e9d\u00e9ral par loi n\u00b0 (42) de 2022\"<\/strong> propose une analyse concise et approfondie de la proc\u00e9dure civile aux EAU.<\/p>\n<ul>\n<li><strong>Explications d\u00e9taill\u00e9es<\/strong> sur les dispositions centrales de la proc\u00e9dure civile<\/li>\n<li><strong>Accent sur les proc\u00e9dures, les comp\u00e9tences, la preuve et le r\u00e8glement des litiges<\/strong><\/li>\n<li><strong>Id\u00e9al pour les avocats, les juristes d'entreprise et les parties au proc\u00e8s<\/strong><\/li>\n<li><strong>Commentaires et exemples pratiques<\/strong> pour une meilleure utilisation<\/li>\n<li><strong>Un ouvrage de r\u00e9f\u00e9rence indispensable<\/strong> pour les EAU<\/li>\n<li><strong>Parfait pour tous<\/strong>Le site Internet de l'Union europ\u00e9enne contient des informations sur les proc\u00e9dures juridiques et les litiges civils aux EAU.<\/li>\n<\/ul>","protected":false},"featured_media":2118,"comment_status":"open","ping_status":"closed","template":"","meta":{"_acf_changed":false},"product_brand":[],"product_cat":[52],"product_tag":[],"class_list":{"0":"post-2057","1":"product","2":"type-product","3":"status-publish","4":"has-post-thumbnail","6":"product_cat-publikationen","8":"first","9":"instock","10":"sale","11":"downloadable","12":"virtual","13":"purchasable","14":"product-type-simple"},"acf":[],"jetpack_sharing_enabled":true,"_links":{"self":[{"href":"https:\/\/icsl.ae\/fr\/wp-json\/wp\/v2\/product\/2057","targetHints":{"allow":["GET"]}}],"collection":[{"href":"https:\/\/icsl.ae\/fr\/wp-json\/wp\/v2\/product"}],"about":[{"href":"https:\/\/icsl.ae\/fr\/wp-json\/wp\/v2\/types\/product"}],"replies":[{"embeddable":true,"href":"https:\/\/icsl.ae\/fr\/wp-json\/wp\/v2\/comments?post=2057"}],"wp:featuredmedia":[{"embeddable":true,"href":"https:\/\/icsl.ae\/fr\/wp-json\/wp\/v2\/media\/2118"}],"wp:attachment":[{"href":"https:\/\/icsl.ae\/fr\/wp-json\/wp\/v2\/media?parent=2057"}],"wp:term":[{"taxonomy":"product_brand","embeddable":true,"href":"https:\/\/icsl.ae\/fr\/wp-json\/wp\/v2\/product_brand?post=2057"},{"taxonomy":"product_cat","embeddable":true,"href":"https:\/\/icsl.ae\/fr\/wp-json\/wp\/v2\/product_cat?post=2057"},{"taxonomy":"product_tag","embeddable":true,"href":"https:\/\/icsl.ae\/fr\/wp-json\/wp\/v2\/product_tag?post=2057"}],"curies":[{"name":"wp","href":"https:\/\/api.w.org\/{rel}","templated":true}]}}