{"id":2019,"date":"2025-01-03T23:56:09","date_gmt":"2025-01-03T22:56:09","guid":{"rendered":"https:\/\/icsl.ae\/warenkorb\/"},"modified":"2025-01-03T23:56:09","modified_gmt":"2025-01-03T22:56:09","slug":"panier-dachat","status":"publish","type":"page","link":"https:\/\/icsl.ae\/fr\/panier-dachat\/","title":{"rendered":"Panier d'achat"},"content":{"rendered":"<div data-block-name=\"woocommerce\/cart\" class=\"wp-block-woocommerce-cart alignwide is-loading\">\n<div data-block-name=\"woocommerce\/filled-cart-block\" class=\"wp-block-woocommerce-filled-cart-block\">\n<div data-block-name=\"woocommerce\/cart-items-block\" class=\"wp-block-woocommerce-cart-items-block\">\n<div data-block-name=\"woocommerce\/cart-line-items-block\" class=\"wp-block-woocommerce-cart-line-items-block\"><\/div>\n\n\n\n<div data-block-name=\"woocommerce\/cart-cross-sells-block\" class=\"wp-block-woocommerce-cart-cross-sells-block\">\n<h2 class=\"wp-block-heading has-large-font-size\">Cela pourrait vous int\u00e9resser...<\/h2>\n\n\n\n<div data-block-name=\"woocommerce\/cart-cross-sells-products-block\" class=\"wp-block-woocommerce-cart-cross-sells-products-block\"><\/div>\n<\/div>\n<\/div>\n\n\n\n<div data-block-name=\"woocommerce\/cart-totals-block\" class=\"wp-block-woocommerce-cart-totals-block\">\n<div data-block-name=\"woocommerce\/cart-order-summary-block\" class=\"wp-block-woocommerce-cart-order-summary-block\">\n<div data-block-name=\"woocommerce\/cart-order-summary-heading-block\" class=\"wp-block-woocommerce-cart-order-summary-heading-block\"><\/div><div data-block-name=\"woocommerce\/cart-order-summary-coupon-form-block\" class=\"wp-block-woocommerce-cart-order-summary-coupon-form-block\"><\/div><div data-block-name=\"woocommerce\/cart-order-summary-totals-block\" class=\"wp-block-woocommerce-cart-order-summary-totals-block\">\n<div data-block-name=\"woocommerce\/cart-order-summary-subtotal-block\" class=\"wp-block-woocommerce-cart-order-summary-subtotal-block\"><\/div>\n<div data-block-name=\"woocommerce\/cart-order-summary-discount-block\" class=\"wp-block-woocommerce-cart-order-summary-discount-block\"><\/div>\n<div data-block-name=\"woocommerce\/cart-order-summary-fee-block\" class=\"wp-block-woocommerce-cart-order-summary-fee-block\"><\/div>\n<div data-block-name=\"woocommerce\/cart-order-summary-shipping-block\" class=\"wp-block-woocommerce-cart-order-summary-shipping-block\"><\/div>\n<div data-block-name=\"woocommerce\/cart-order-summary-taxes-block\" class=\"wp-block-woocommerce-cart-order-summary-taxes-block\"><\/div><\/div>\n<\/div>\n\n\n\n<div data-block-name=\"woocommerce\/cart-express-payment-block\" class=\"wp-block-woocommerce-cart-express-payment-block\"><\/div>\n\n\n\n<div data-block-name=\"woocommerce\/proceed-to-checkout-block\" class=\"wp-block-woocommerce-proceed-to-checkout-block\"><\/div>\n\n\n\n<div data-block-name=\"woocommerce\/cart-accepted-payment-methods-block\" class=\"wp-block-woocommerce-cart-accepted-payment-methods-block\"><\/div>\n<\/div>\n<\/div>\n\n\n\n<div data-block-name=\"woocommerce\/empty-cart-block\" class=\"wp-block-woocommerce-empty-cart-block\">\n<h2 class=\"wp-block-heading has-text-align-center with-empty-cart-icon wc-block-cart__empty-cart__title\">Votre panier est actuellement vide !<\/h2>\n\n\n\n<hr class=\"wp-block-separator has-alpha-channel-opacity is-style-dots\"\/>\n\n\n\n<h2 class=\"wp-block-heading has-text-align-center\">Nouveau dans la boutique<\/h2>\n\n\n<div data-block-name=\"woocommerce\/product-new\" data-columns=\"4\" data-rows=\"1\" class=\"wc-block-grid wp-block-product-new wp-block-woocommerce-product-new wc-block-product-new has-4-columns\"><ul class=\"wc-block-grid__products\"><li class=\"wc-block-grid__product\">\n\t\t\t\t<a href=\"https:\/\/icsl.ae\/fr\/produit\/decret-federal-n-42-de-2022-portant-introduction-du-code-de-procedure-civile\/\" class=\"wc-block-grid__product-link\">\n\t\t\t\t\t<div class=\"wc-block-grid__product-onsale\">\n\t\t\t<span aria-hidden=\"true\" data-no-translation=\"\" data-trp-gettext=\"\">Promo<\/span>\n\t\t\t<span class=\"screen-reader-text\" data-no-translation=\"\" data-trp-gettext=\"\">Produit en promotion<\/span>\n\t\t<\/div>\n\t\t\t\t\t<div class=\"wc-block-grid__product-image\"><img loading=\"lazy\" decoding=\"async\" width=\"300\" height=\"300\" src=\"https:\/\/icsl.ae\/wp-content\/uploads\/2025\/01\/dekret42-300x300.jpg\" class=\"attachment-woocommerce_thumbnail size-woocommerce_thumbnail\" alt=\"D\u00e9cret-loi f\u00e9d\u00e9ral n\u00b0 (42) de 2022 portant introduction du code de proc\u00e9dure civile\" srcset=\"https:\/\/icsl.ae\/wp-content\/uploads\/2025\/01\/dekret42-300x300.jpg 300w, https:\/\/icsl.ae\/wp-content\/uploads\/2025\/01\/dekret42-80x80.jpg 80w, https:\/\/icsl.ae\/wp-content\/uploads\/2025\/01\/dekret42-768x768.jpg 768w, https:\/\/icsl.ae\/wp-content\/uploads\/2025\/01\/dekret42-12x12.jpg 12w, https:\/\/icsl.ae\/wp-content\/uploads\/2025\/01\/dekret42-36x36.jpg 36w, https:\/\/icsl.ae\/wp-content\/uploads\/2025\/01\/dekret42-180x180.jpg 180w, https:\/\/icsl.ae\/wp-content\/uploads\/2025\/01\/dekret42-705x705.jpg 705w, https:\/\/icsl.ae\/wp-content\/uploads\/2025\/01\/dekret42-120x120.jpg 120w, https:\/\/icsl.ae\/wp-content\/uploads\/2025\/01\/dekret42-450x450.jpg 450w, https:\/\/icsl.ae\/wp-content\/uploads\/2025\/01\/dekret42-600x600.jpg 600w, https:\/\/icsl.ae\/wp-content\/uploads\/2025\/01\/dekret42-100x100.jpg 100w, https:\/\/icsl.ae\/wp-content\/uploads\/2025\/01\/dekret42.jpg 1000w\" sizes=\"auto, (max-width: 300px) 100vw, 300px\" data-wp-pid=\"2118\" \/><\/div>\n\t\t\t\t\t<div class=\"wc-block-grid__product-title\">D\u00e9cret-loi f\u00e9d\u00e9ral n\u00b0 (42) de 2022 portant introduction du code de proc\u00e9dure civile<\/div>\n\t\t\t\t<\/a>\n\t\t\t\t<div class=\"wc-block-grid__product-price price\"><del aria-hidden=\"true\"><span class=\"woocommerce-Price-amount amount\"><span class=\"woocommerce-Price-currencySymbol\">&#036;<\/span>139.00<\/span><\/del> <span class=\"screen-reader-text\" data-no-translation=\"\" data-trp-gettext=\"\">Le prix initial \u00e9tait\u00a0: &#036;139.00.<\/span><ins aria-hidden=\"true\"><span class=\"woocommerce-Price-amount amount\"><span class=\"woocommerce-Price-currencySymbol\">&#036;<\/span>99.00<\/span><\/ins><span class=\"screen-reader-text\" data-no-translation=\"\" data-trp-gettext=\"\">Le prix actuel est\u00a0: &#036;99.00.<\/span><\/div>\n\t\t\t\t\n\t\t\t\t<div class=\"wp-block-button wc-block-grid__product-add-to-cart\"><a href=\"\/fr\/wp-json\/wp\/v2\/pages\/2019?add-to-cart=2057\" aria-label=\"Ajouter au panier\u00a0: \u201cBundesdekret-Gesetz Nr. (42) von 2022 zur Einf\u00fchrung des Zivilprozessgesetzbuchs\u201d\" data-quantity=\"1\" data-product_id=\"2057\" data-product_sku=\"\" data-price=\"99\" rel=\"nofollow\" class=\"wp-block-button__link  add_to_cart_button ajax_add_to_cart\" data-no-translation=\"\" data-trp-gettext=\"\" data-no-translation-aria-label=\"\">Ajouter au panier<\/a><\/div>\n\t\t\t<\/li><li class=\"wc-block-grid__product\">\n\t\t\t\t<a href=\"https:\/\/icsl.ae\/fr\/produit\/decret-federal-de-la-loi-n-50-de-2022-portant-introduction-de-la-loi-sur-le-commerce\/\" class=\"wc-block-grid__product-link\">\n\t\t\t\t\t<div class=\"wc-block-grid__product-onsale\">\n\t\t\t<span aria-hidden=\"true\" data-no-translation=\"\" data-trp-gettext=\"\">Promo<\/span>\n\t\t\t<span class=\"screen-reader-text\" data-no-translation=\"\" data-trp-gettext=\"\">Produit en promotion<\/span>\n\t\t<\/div>\n\t\t\t\t\t<div class=\"wc-block-grid__product-image\"><img loading=\"lazy\" decoding=\"async\" width=\"300\" height=\"300\" src=\"https:\/\/icsl.ae\/wp-content\/uploads\/2025\/01\/dekret-50-300x300.jpg\" class=\"attachment-woocommerce_thumbnail size-woocommerce_thumbnail\" alt=\"D\u00e9cret f\u00e9d\u00e9ral par la loi n\u00b0 50 de 2022 portant introduction de la loi sur le commerce\" srcset=\"https:\/\/icsl.ae\/wp-content\/uploads\/2025\/01\/dekret-50-300x300.jpg 300w, https:\/\/icsl.ae\/wp-content\/uploads\/2025\/01\/dekret-50-80x80.jpg 80w, https:\/\/icsl.ae\/wp-content\/uploads\/2025\/01\/dekret-50-768x768.jpg 768w, https:\/\/icsl.ae\/wp-content\/uploads\/2025\/01\/dekret-50-12x12.jpg 12w, https:\/\/icsl.ae\/wp-content\/uploads\/2025\/01\/dekret-50-36x36.jpg 36w, https:\/\/icsl.ae\/wp-content\/uploads\/2025\/01\/dekret-50-180x180.jpg 180w, https:\/\/icsl.ae\/wp-content\/uploads\/2025\/01\/dekret-50-705x705.jpg 705w, https:\/\/icsl.ae\/wp-content\/uploads\/2025\/01\/dekret-50-120x120.jpg 120w, https:\/\/icsl.ae\/wp-content\/uploads\/2025\/01\/dekret-50-450x450.jpg 450w, https:\/\/icsl.ae\/wp-content\/uploads\/2025\/01\/dekret-50-600x600.jpg 600w, https:\/\/icsl.ae\/wp-content\/uploads\/2025\/01\/dekret-50-100x100.jpg 100w, https:\/\/icsl.ae\/wp-content\/uploads\/2025\/01\/dekret-50.jpg 1000w\" sizes=\"auto, (max-width: 300px) 100vw, 300px\" data-wp-pid=\"2119\" \/><\/div>\n\t\t\t\t\t<div class=\"wc-block-grid__product-title\">D\u00e9cret f\u00e9d\u00e9ral par la loi n\u00b0 50 de 2022 portant introduction de la loi sur le commerce<\/div>\n\t\t\t\t<\/a>\n\t\t\t\t<div class=\"wc-block-grid__product-price price\"><del aria-hidden=\"true\"><span class=\"woocommerce-Price-amount amount\"><span class=\"woocommerce-Price-currencySymbol\">&#036;<\/span>129.00<\/span><\/del> <span class=\"screen-reader-text\" data-no-translation=\"\" data-trp-gettext=\"\">Le prix initial \u00e9tait\u00a0: &#036;129.00.<\/span><ins aria-hidden=\"true\"><span class=\"woocommerce-Price-amount amount\"><span class=\"woocommerce-Price-currencySymbol\">&#036;<\/span>109.00<\/span><\/ins><span class=\"screen-reader-text\" data-no-translation=\"\" data-trp-gettext=\"\">Le prix actuel est\u00a0: &#036;109.00.<\/span><\/div>\n\t\t\t\t\n\t\t\t\t<div class=\"wp-block-button wc-block-grid__product-add-to-cart\"><a href=\"\/fr\/wp-json\/wp\/v2\/pages\/2019?add-to-cart=2023\" aria-label=\"Ajouter au panier\u00a0: \u201cBundesdekret durch Gesetz Nr. 50 von 2022 zur Einf\u00fchrung des Handelsgesetzes\u201d\" data-quantity=\"1\" data-product_id=\"2023\" data-product_sku=\"\" data-price=\"109\" rel=\"nofollow\" class=\"wp-block-button__link  add_to_cart_button ajax_add_to_cart\" data-no-translation=\"\" data-trp-gettext=\"\" data-no-translation-aria-label=\"\">Ajouter au panier<\/a><\/div>\n\t\t\t<\/li><\/ul><\/div><\/div>\n<\/div>","protected":false},"excerpt":{"rendered":"","protected":false},"author":1,"featured_media":0,"parent":0,"menu_order":0,"comment_status":"closed","ping_status":"closed","template":"","meta":{"_acf_changed":false,"footnotes":""},"class_list":["post-2019","page","type-page","status-publish","hentry"],"acf":[],"jetpack_sharing_enabled":true,"_links":{"self":[{"href":"https:\/\/icsl.ae\/fr\/wp-json\/wp\/v2\/pages\/2019","targetHints":{"allow":["GET"]}}],"collection":[{"href":"https:\/\/icsl.ae\/fr\/wp-json\/wp\/v2\/pages"}],"about":[{"href":"https:\/\/icsl.ae\/fr\/wp-json\/wp\/v2\/types\/page"}],"author":[{"embeddable":true,"href":"https:\/\/icsl.ae\/fr\/wp-json\/wp\/v2\/users\/1"}],"replies":[{"embeddable":true,"href":"https:\/\/icsl.ae\/fr\/wp-json\/wp\/v2\/comments?post=2019"}],"version-history":[{"count":0,"href":"https:\/\/icsl.ae\/fr\/wp-json\/wp\/v2\/pages\/2019\/revisions"}],"wp:attachment":[{"href":"https:\/\/icsl.ae\/fr\/wp-json\/wp\/v2\/media?parent=2019"}],"curies":[{"name":"wp","href":"https:\/\/api.w.org\/{rel}","templated":true}]}}