{"id":2001,"date":"2024-12-20T20:45:35","date_gmt":"2024-12-20T19:45:35","guid":{"rendered":"https:\/\/icsl.ae\/?page_id=2001"},"modified":"2026-04-05T16:56:39","modified_gmt":"2026-04-05T14:56:39","slug":"conseil-fiscal-et-comptabilite","status":"publish","type":"page","link":"https:\/\/icsl.ae\/fr\/conseil-fiscal-et-comptabilite\/","title":{"rendered":"Klinik Setup &amp; Management in Dubai"},"content":{"rendered":"<style type=\"text\/css\" data-created_by=\"avia_inline_auto\" id=\"style-css-av-145nae-cb98c77bd750a074e7ff0ba2da29dedd\">\n.avia-section.av-145nae-cb98c77bd750a074e7ff0ba2da29dedd{\nbackground-repeat:no-repeat;\nbackground-image:url(https:\/\/icsl.ae\/wp-content\/uploads\/2024\/12\/Bildschirmfoto-2024-12-18-um-21.06.17-300x92.png);\nbackground-position:50% 50%;\nbackground-attachment:scroll;\n}\n.avia-section.av-145nae-cb98c77bd750a074e7ff0ba2da29dedd .av-section-color-overlay{\nopacity:0.6;\nbackground-color:#084a79;\n}\n<\/style>\n<div id='av_section_1'  class='avia-section av-145nae-cb98c77bd750a074e7ff0ba2da29dedd main_color avia-section-default avia-no-border-styling  avia-builder-el-0  el_before_av_section  avia-builder-el-first  avia-full-stretch avia-bg-style-scroll av-section-color-overlay-active av-minimum-height av-minimum-height-custom av-height-custom  container_wrap fullsize'  data-section-bg-repeat='stretch' data-av_minimum_height_px='230'><div class=\"av-section-color-overlay-wrap\"><div class=\"av-section-color-overlay\"><\/div><div class='container av-section-cont-open' style='height:230px'><main  role=\"main\" itemprop=\"mainContentOfPage\"  class='template-page content  av-content-full alpha units'><div class='post-entry post-entry-type-page post-entry-2001'><div class='entry-content-wrapper clearfix'>\n\n<style type=\"text\/css\" data-created_by=\"avia_inline_auto\" id=\"style-css-av-jgf3pjem-ee2a691ebc0a9a100bc99d372a9c72ca\">\n#top .flex_column.av-jgf3pjem-ee2a691ebc0a9a100bc99d372a9c72ca{\nmargin-top:0px;\nmargin-bottom:0px;\n}\n.flex_column.av-jgf3pjem-ee2a691ebc0a9a100bc99d372a9c72ca{\nborder-radius:0px 0px 0px 0px;\npadding:0px 0px 0px 0px;\n}\n.responsive #top #wrap_all .flex_column.av-jgf3pjem-ee2a691ebc0a9a100bc99d372a9c72ca{\nmargin-top:0px;\nmargin-bottom:0px;\n}\n<\/style>\n<div  class='flex_column av-jgf3pjem-ee2a691ebc0a9a100bc99d372a9c72ca av_one_full  avia-builder-el-1  avia-builder-el-no-sibling  first flex_column_div av-animated-generic left-to-right av-zero-column-padding'     ><style type=\"text\/css\" data-created_by=\"avia_inline_auto\" id=\"style-css-av-jgwcxcei-0020a1fe32f268a410875597ea001352\">\n#top .av-special-heading.av-jgwcxcei-0020a1fe32f268a410875597ea001352{\nmargin:0 0 0 0;\npadding-bottom:0;\ncolor:#ffffff;\nfont-size:5vw;\n}\nbody .av-special-heading.av-jgwcxcei-0020a1fe32f268a410875597ea001352 .av-special-heading-tag .heading-char{\nfont-size:25px;\n}\n#top #wrap_all .av-special-heading.av-jgwcxcei-0020a1fe32f268a410875597ea001352 .av-special-heading-tag{\nfont-size:5vw;\n}\n.av-special-heading.av-jgwcxcei-0020a1fe32f268a410875597ea001352 .special-heading-inner-border{\nborder-color:#ffffff;\n}\n.av-special-heading.av-jgwcxcei-0020a1fe32f268a410875597ea001352 .av-subheading{\nfont-size:25px;\n}\n\n@media only screen and (max-width: 479px){ \n#top #wrap_all .av-special-heading.av-jgwcxcei-0020a1fe32f268a410875597ea001352 .av-special-heading-tag{\nfont-size:40px;\n}\n}\n\n@media only screen and (min-width: 480px) and (max-width: 767px){ \n#top #wrap_all .av-special-heading.av-jgwcxcei-0020a1fe32f268a410875597ea001352 .av-special-heading-tag{\nfont-size:0.8em;\n}\n}\n<\/style>\n<div  class='av-special-heading av-jgwcxcei-0020a1fe32f268a410875597ea001352 av-special-heading-h2 custom-color-heading blockquote modern-quote modern-centered  avia-builder-el-2  avia-builder-el-no-sibling  av-inherit-size'><h2 class='av-special-heading-tag'  itemprop=\"headline\"  >Klinik Setup <span class='special_amp'>&amp;<\/span> Management<\/h2><div class=\"special-heading-border\"><div class=\"special-heading-inner-border\"><\/div><\/div><\/div><\/div><\/div><\/div><\/main><!-- close content main element --><\/div><\/div><\/div><div id='av_section_2'  class='avia-section av-2eg9ay-566492a2aef3428e44904c46ee45789b main_color avia-section-large avia-no-border-styling  avia-builder-el-3  el_after_av_section  avia-builder-el-last  avia-bg-style-scroll container_wrap fullsize'  ><div class='container av-section-cont-open' ><div class='template-page content  av-content-full alpha units'><div class='post-entry post-entry-type-page post-entry-2001'><div class='entry-content-wrapper clearfix'>\n<section  class='av_textblock_section av-m4ubsd4k-b40f03fa0e7e05b84863d95d19aa7042'   itemscope=\"itemscope\" itemtype=\"https:\/\/schema.org\/CreativeWork\" ><div class='avia_textblock'  itemprop=\"text\" ><h3><strong>Klinik Setup &amp; Management in den Vereinigten Arabischen Emiraten mit ICSL Dubai<\/strong><\/h3>\n<p>Die Vereinigten Arabischen Emirate, insbesondere Dubai, bieten Unternehmern und Investoren attraktive steuerliche Rahmenbedingungen, wie die weitgehende Steuerfreiheit und eine unternehmensfreundliche Regulierung. Doch trotz dieser Vorteile gibt es eine Vielzahl von gesetzlichen Vorgaben, die eingehalten werden m\u00fcssen, um professionelle Sicherheit und eine nachhaltige Gesch\u00e4ftsentwicklung zu gew\u00e4hrleisten.<\/p>\n<p>ICSL Dubai unterst\u00fctzt Sie mit umfassender Klinik Management Beratung und professioneller Klinik Administration, um Ihre finanziellen Angelegenheiten effizient und professionell zu gestalten. Unser erfahrenes Team aus Experten f\u00fcr Steuern und Finanzen sorgt daf\u00fcr, dass Sie sich auf Ihr Kerngesch\u00e4ft konzentrieren k\u00f6nnen, w\u00e4hrend wir uns um die Details k\u00fcmmern.<\/p>\n<hr \/>\n<h3><strong>Klinik Management Beratung in den Emiraten \u2013 Klare Strukturen und Optimierung<\/strong><\/h3>\n<p>Par rapport \u00e0 de nombreux autres pays, les \u00c9mirats arabes unis b\u00e9n\u00e9ficient d'un syst\u00e8me fiscal avantageux qui ne pr\u00e9voit pas d'imp\u00f4t sur le revenu et un imp\u00f4t minimal sur les soci\u00e9t\u00e9s dans certains secteurs. N\u00e9anmoins, il existe des r\u00e9glementations, telles que l'introduction de la taxe sur la valeur ajout\u00e9e (TVA), l'enregistrement correct des imp\u00f4ts et le d\u00e9p\u00f4t des d\u00e9clarations fiscales dans les d\u00e9lais impartis, qui doivent \u00eatre respect\u00e9es.<\/p>\n<p>ICSL Dubai bietet Ihnen umfassende Unterst\u00fctzung in allen Bereichen der Klinik Management Beratung:<\/p>\n<ul>\n<li><strong>la taxe sur la valeur ajout\u00e9e (TVA) :<\/strong> Nous vous aidons \u00e0 vous enregistrer, \u00e0 calculer la TVA et \u00e0 d\u00e9poser les d\u00e9clarations de TVA dans les d\u00e9lais.<\/li>\n<li><strong>l'imp\u00f4t sur les soci\u00e9t\u00e9s :<\/strong> Nous vous aidons \u00e0 comprendre les exigences fiscales et \u00e0 optimiser votre structure fiscale en fonction des nouvelles r\u00e9glementations.<\/li>\n<li><strong>Planification fiscale internationale :<\/strong> En mettant l'accent sur les activit\u00e9s transfrontali\u00e8res, nous \u00e9laborons des strat\u00e9gies visant \u00e0 minimiser votre charge fiscale et \u00e0 tirer le meilleur parti du syst\u00e8me fiscal des EAU.<\/li>\n<li><strong>Conseils sur les Free Zones :<\/strong> Des r\u00e8gles fiscales sp\u00e9cifiques s'appliquent dans les zones franches des \u00c9mirats. Nous vous aidons \u00e0 identifier et \u00e0 mettre en \u0153uvre les options les mieux adapt\u00e9es \u00e0 votre entreprise.<\/li>\n<\/ul>\n<p>Unser Ziel ist es, Ihnen transparente, professionelle und langfristige L\u00f6sungen anzubieten, die Ihre gesch\u00e4ftlichen Anforderungen erf\u00fcllen und Ihnen helfen, finanzielle Ressourcen optimal einzusetzen.<\/p>\n<hr \/>\n<h3><strong>Klinik Administration in Dubai \u2013 Pr\u00e4zision und Compliance<\/strong><\/h3>\n<p>Eine ordnungsgem\u00e4\u00dfe Klinik Administration ist nicht nur gesetzlich vorgeschrieben, sondern auch essenziell f\u00fcr die finanzielle Gesundheit und den Erfolg Ihres Unternehmens. ICSL Dubai bietet Ihnen ma\u00dfgeschneiderte Klinik Administrationsdienstleistungen, die auf Ihre individuellen Anforderungen zugeschnitten sind:<\/p>\n<ul>\n<li><strong>Comptabilit\u00e9 financi\u00e8re :<\/strong> Nous prenons en charge l'ensemble de la comptabilit\u00e9, y compris l'enregistrement de toutes les transactions commerciales, et veillons \u00e0 ce que vos livres soient complets et exacts.<\/li>\n<li><strong>l'\u00e9tablissement des comptes annuels :<\/strong> Nos experts \u00e9tablissent des \u00e9tats financiers conformes aux exigences l\u00e9gales des EAU, tout en offrant une vision claire de votre situation financi\u00e8re.<\/li>\n<li><strong>Gestion des salaires :<\/strong> Wir k\u00fcmmern uns um die Gehaltsabrechnungen, die Berechnung von Sozialabgaben und die Einhaltung aller arbeitsregulatorischen Vorschriften.<\/li>\n<li><strong>le reporting :<\/strong> Nos rapports vous offrent une vue d'ensemble claire de vos finances et vous aident \u00e0 prendre des d\u00e9cisions commerciales en toute connaissance de cause.<\/li>\n<li><strong>Num\u00e9risation et automatisation :<\/strong> Mit modernen Klinik Administrationssoftwarel\u00f6sungen sorgen wir f\u00fcr eine effiziente und transparente Buchf\u00fchrung, die jederzeit abrufbar ist.<\/li>\n<\/ul>\n<hr \/>\n<h3><strong>Warum ICSL Dubai Ihr Partner f\u00fcr Klinik Setup &amp; Management ist<\/strong><\/h3>\n<p>Unsere Expertise im Steuerrecht und in der Klinik Administration in den Vereinigten Arabischen Emiraten erm\u00f6glicht es uns, Ihnen ganzheitliche L\u00f6sungen anzubieten. Mit einem tiefen Verst\u00e4ndnis der lokalen Vorschriften und internationalen Standards stellen wir sicher, dass Ihre finanziellen Angelegenheiten nicht nur gesetzeskonform, sondern auch effizient und strategisch ausgerichtet sind.<\/p>\n<p><strong>Vos avantages avec ICSL Duba\u00ef :<\/strong><\/p>\n<ul>\n<li>Expertenwissen im Steuerrecht und Klinik Administrationswesen der VAE<\/li>\n<li>Des solutions sur mesure, adapt\u00e9es aux besoins de votre entreprise<\/li>\n<li>Effiziente Abwicklung und professionelle Sicherheit<\/li>\n<li>Communication transparente et suivi fiable<\/li>\n<\/ul>\n<p>Egal, ob Sie ein Start-up, ein KMU oder ein internationaler Konzern sind \u2013 ICSL Dubai ist Ihr zuverl\u00e4ssiger Partner, um steuerliche und buchhalterische Anforderungen in Dubai und den Emiraten professionell und professionell zu meistern.<\/p>\n<\/div><\/section>\n<\/p>","protected":false},"excerpt":{"rendered":"","protected":false},"author":1,"featured_media":0,"parent":0,"menu_order":0,"comment_status":"closed","ping_status":"closed","template":"","meta":{"_acf_changed":false,"footnotes":""},"class_list":["post-2001","page","type-page","status-publish","hentry"],"acf":[],"jetpack_sharing_enabled":true,"_links":{"self":[{"href":"https:\/\/icsl.ae\/fr\/wp-json\/wp\/v2\/pages\/2001","targetHints":{"allow":["GET"]}}],"collection":[{"href":"https:\/\/icsl.ae\/fr\/wp-json\/wp\/v2\/pages"}],"about":[{"href":"https:\/\/icsl.ae\/fr\/wp-json\/wp\/v2\/types\/page"}],"author":[{"embeddable":true,"href":"https:\/\/icsl.ae\/fr\/wp-json\/wp\/v2\/users\/1"}],"replies":[{"embeddable":true,"href":"https:\/\/icsl.ae\/fr\/wp-json\/wp\/v2\/comments?post=2001"}],"version-history":[{"count":4,"href":"https:\/\/icsl.ae\/fr\/wp-json\/wp\/v2\/pages\/2001\/revisions"}],"predecessor-version":[{"id":2215,"href":"https:\/\/icsl.ae\/fr\/wp-json\/wp\/v2\/pages\/2001\/revisions\/2215"}],"wp:attachment":[{"href":"https:\/\/icsl.ae\/fr\/wp-json\/wp\/v2\/media?parent=2001"}],"curies":[{"name":"wp","href":"https:\/\/api.w.org\/{rel}","templated":true}]}}