{"id":1971,"date":"2024-12-19T06:58:19","date_gmt":"2024-12-19T05:58:19","guid":{"rendered":"https:\/\/icsl.ae\/?page_id=1971"},"modified":"2024-12-19T06:58:22","modified_gmt":"2024-12-19T05:58:22","slug":"mentions-legales","status":"publish","type":"page","link":"https:\/\/icsl.ae\/fr\/mentions-legales\/","title":{"rendered":"Mentions l\u00e9gales"},"content":{"rendered":"<h3 class=\"wp-block-heading\">Mentions l\u00e9gales<\/h3>\n\n\n\n<h3 class=\"wp-block-heading\"><strong>1. responsable<\/strong><\/h3>\n\n\n\n<p>ICSL Dubai - International Capital Solutions Lawyers<br>Business Bay, Duba\u00ef, \u00c9mirats arabes unis<br>Courrier \u00e9lectronique : hello@icsl.ae<br><\/p>\n\n\n\n<hr class=\"wp-block-separator has-alpha-channel-opacity\"\/>\n\n\n\n<h3 class=\"wp-block-heading\"><strong>DROIT D'URBANISME<\/strong><\/h3>\n\n\n\n<p>Tous les contenus de notre site web sont prot\u00e9g\u00e9s par les droits d'auteur. L'utilisation des contenus est express\u00e9ment autoris\u00e9e \u00e0 des fins priv\u00e9es et non commerciales. En cas de reproduction, il convient de se r\u00e9f\u00e9rer aux droits d'auteur et de propri\u00e9t\u00e9 de\u00a0<strong>ICSL Duba\u00ef<\/strong> de l'auteur. Les contenus ne doivent pas \u00eatre modifi\u00e9s et ne peuvent \u00eatre utilis\u00e9s sans l'autorisation \u00e9crite de\u00a0<strong>ICSL Duba\u00ef<\/strong>\u00a0ne peuvent \u00eatre utilis\u00e9s ni sur d'autres sites Internet ni sur des ordinateurs en r\u00e9seau. Pour toute utilisation \u00e0 des fins publiques ou commerciales, une autorisation \u00e9crite pr\u00e9alable est n\u00e9cessaire. Les infractions \u00e0 ces conditions obligent \u00e0 d\u00e9truire imm\u00e9diatement tous les contenus concern\u00e9s. Nous nous r\u00e9servons le droit de r\u00e9clamer d'autres dommages et int\u00e9r\u00eats.<\/p>\n\n\n\n<p><strong>RESPONSABILIT\u00c9<\/strong><\/p>\n\n\n\n<p>ICSL Dubai est responsable de son propre contenu sur ce site web. Notre site web peut contenir des renvois (liens) vers des sites web de tiers. Nous n'assumons aucune responsabilit\u00e9 pour les contenus externes accessibles par de tels liens. Tous les contenus externes ont \u00e9t\u00e9 v\u00e9rifi\u00e9s au moment de la cr\u00e9ation du lien afin de s'assurer qu'ils n'\u00e9taient pas ill\u00e9gaux. Si nous devions avoir connaissance de violations de la loi, le lien correspondant serait imm\u00e9diatement supprim\u00e9.<\/p>\n\n\n\n<p><strong>GARANTIE<\/strong><\/p>\n\n\n\n<p>Les informations contenues sur notre site Internet sont fournies avec le plus grand soin. ICSL Dubai ne garantit toutefois pas l'exhaustivit\u00e9, l'exactitude ou l'ad\u00e9quation des contenus \u00e0 des fins d'utilisation particuli\u00e8res. L'utilisation des contenus mis \u00e0 disposition se fait aux risques et p\u00e9rils de l'utilisateur.<\/p>\n\n\n\n<p><em>(Pour toute question concernant l'utilisation du contenu ou les informations juridiques, veuillez nous contacter directement).<\/em><\/p>","protected":false},"excerpt":{"rendered":"<p>Impressum 1. Verantwortlicher ICSL Dubai \u2013 International Capital Solutions LawyersBusiness Bay, Dubai, Vereinigte Arabische EmirateE-Mail: hello@icsl.ae URHEBERRECHT Alle Inhalte unserer Webseite sind urheberrechtlich gesch\u00fctzt. Die Nutzung der Inhalte ist ausdr\u00fccklich f\u00fcr private, nicht kommerzielle Zwecke gestattet. Bei Vervielf\u00e4ltigungen ist auf die Urheber- und Eigentumsrechte von\u00a0ICSL Dubai hinzuweisen. Inhalte d\u00fcrfen nicht ver\u00e4ndert werden und ohne schriftliche [&hellip;]<\/p>","protected":false},"author":1,"featured_media":0,"parent":0,"menu_order":0,"comment_status":"closed","ping_status":"open","template":"","meta":{"_acf_changed":false,"footnotes":""},"class_list":["post-1971","page","type-page","status-publish","hentry"],"acf":[],"jetpack_sharing_enabled":true,"_links":{"self":[{"href":"https:\/\/icsl.ae\/fr\/wp-json\/wp\/v2\/pages\/1971","targetHints":{"allow":["GET"]}}],"collection":[{"href":"https:\/\/icsl.ae\/fr\/wp-json\/wp\/v2\/pages"}],"about":[{"href":"https:\/\/icsl.ae\/fr\/wp-json\/wp\/v2\/types\/page"}],"author":[{"embeddable":true,"href":"https:\/\/icsl.ae\/fr\/wp-json\/wp\/v2\/users\/1"}],"replies":[{"embeddable":true,"href":"https:\/\/icsl.ae\/fr\/wp-json\/wp\/v2\/comments?post=1971"}],"version-history":[{"count":2,"href":"https:\/\/icsl.ae\/fr\/wp-json\/wp\/v2\/pages\/1971\/revisions"}],"predecessor-version":[{"id":1973,"href":"https:\/\/icsl.ae\/fr\/wp-json\/wp\/v2\/pages\/1971\/revisions\/1973"}],"wp:attachment":[{"href":"https:\/\/icsl.ae\/fr\/wp-json\/wp\/v2\/media?parent=1971"}],"curies":[{"name":"wp","href":"https:\/\/api.w.org\/{rel}","templated":true}]}}