{"id":1565,"date":"2018-04-03T07:06:47","date_gmt":"2018-04-03T07:06:47","guid":{"rendered":"http:\/\/wp\/portfolio-light\/?page_id=344"},"modified":"2026-04-05T16:44:18","modified_gmt":"2026-04-05T14:44:18","slug":"blueprint","status":"publish","type":"page","link":"https:\/\/icsl.ae\/en\/blueprint\/","title":{"rendered":"Blueprint"},"content":{"rendered":"<style type=\"text\/css\" data-created_by=\"avia_inline_auto\" id=\"style-css-av-145nae-06e4e42a061a05e1d58cd5ee8c8294a4\">\n.avia-section.av-145nae-06e4e42a061a05e1d58cd5ee8c8294a4{\nbackground-repeat:no-repeat;\nbackground-image:url(https:\/\/icsl.ae\/wp-content\/uploads\/2024\/10\/mercury-img-galery-2-opt-300x247.jpg);\nbackground-position:50% 50%;\nbackground-attachment:scroll;\n}\n.avia-section.av-145nae-06e4e42a061a05e1d58cd5ee8c8294a4 .av-section-color-overlay{\nopacity:0.6;\nbackground-color:#084a79;\n}\n<\/style>\n<div id='av_section_1'  class='avia-section av-145nae-06e4e42a061a05e1d58cd5ee8c8294a4 main_color avia-section-default avia-no-border-styling  avia-builder-el-0  el_before_av_section  avia-builder-el-first  avia-full-stretch avia-bg-style-scroll av-section-color-overlay-active av-minimum-height av-minimum-height-custom av-height-custom  container_wrap fullsize'  data-section-bg-repeat='stretch' data-av_minimum_height_px='230'><div class=\"av-section-color-overlay-wrap\"><div class=\"av-section-color-overlay\"><\/div><div class='container av-section-cont-open' style='height:230px'><main  role=\"main\" itemprop=\"mainContentOfPage\"  class='template-page content  av-content-full alpha units'><div class='post-entry post-entry-type-page post-entry-1565'><div class='entry-content-wrapper clearfix'>\n\n<style type=\"text\/css\" data-created_by=\"avia_inline_auto\" id=\"style-css-av-jgf3pjem-ee2a691ebc0a9a100bc99d372a9c72ca\">\n#top .flex_column.av-jgf3pjem-ee2a691ebc0a9a100bc99d372a9c72ca{\nmargin-top:0px;\nmargin-bottom:0px;\n}\n.flex_column.av-jgf3pjem-ee2a691ebc0a9a100bc99d372a9c72ca{\nborder-radius:0px 0px 0px 0px;\npadding:0px 0px 0px 0px;\n}\n.responsive #top #wrap_all .flex_column.av-jgf3pjem-ee2a691ebc0a9a100bc99d372a9c72ca{\nmargin-top:0px;\nmargin-bottom:0px;\n}\n<\/style>\n<div  class='flex_column av-jgf3pjem-ee2a691ebc0a9a100bc99d372a9c72ca av_one_full  avia-builder-el-1  avia-builder-el-no-sibling  first flex_column_div av-animated-generic left-to-right av-zero-column-padding'     ><style type=\"text\/css\" data-created_by=\"avia_inline_auto\" id=\"style-css-av-jgwcagpn-ad75a4cd33ab442e793b0cd1a6ac8966\">\n#top .av-special-heading.av-jgwcagpn-ad75a4cd33ab442e793b0cd1a6ac8966{\nmargin:0 0 0 0;\npadding-bottom:0;\ncolor:#ffffff;\nfont-size:5vw;\n}\nbody .av-special-heading.av-jgwcagpn-ad75a4cd33ab442e793b0cd1a6ac8966 .av-special-heading-tag .heading-char{\nfont-size:25px;\n}\n#top #wrap_all .av-special-heading.av-jgwcagpn-ad75a4cd33ab442e793b0cd1a6ac8966 .av-special-heading-tag{\nfont-size:5vw;\n}\n.av-special-heading.av-jgwcagpn-ad75a4cd33ab442e793b0cd1a6ac8966 .special-heading-inner-border{\nborder-color:#ffffff;\n}\n.av-special-heading.av-jgwcagpn-ad75a4cd33ab442e793b0cd1a6ac8966 .av-subheading{\nfont-size:25px;\n}\n\n@media only screen and (max-width: 479px){ \n#top #wrap_all .av-special-heading.av-jgwcagpn-ad75a4cd33ab442e793b0cd1a6ac8966 .av-special-heading-tag{\nfont-size:40px;\n}\n}\n\n@media only screen and (min-width: 480px) and (max-width: 767px){ \n#top #wrap_all .av-special-heading.av-jgwcagpn-ad75a4cd33ab442e793b0cd1a6ac8966 .av-special-heading-tag{\nfont-size:0.8em;\n}\n}\n<\/style>\n<div  class='av-special-heading av-jgwcagpn-ad75a4cd33ab442e793b0cd1a6ac8966 av-special-heading-h2 custom-color-heading blockquote modern-quote modern-centered  avia-builder-el-2  avia-builder-el-no-sibling  av-inherit-size'><h2 class='av-special-heading-tag'  itemprop=\"headline\"  >Blueprint<\/h2><div class=\"special-heading-border\"><div class=\"special-heading-inner-border\"><\/div><\/div><\/div><\/div><\/div><\/div><\/main><!-- close content main element --><\/div><\/div><\/div><div id='av_section_2'  class='avia-section av-145nae-1-eedae98c78b3fa98d2aebd416d292873 main_color avia-section-huge avia-no-shadow  avia-builder-el-3  el_after_av_section  avia-builder-el-last  avia-bg-style-scroll container_wrap fullsize'  ><div class='container av-section-cont-open' ><div class='template-page content  av-content-full alpha units'><div class='post-entry post-entry-type-page post-entry-1565'><div class='entry-content-wrapper clearfix'>\n\n<style type=\"text\/css\" data-created_by=\"avia_inline_auto\" id=\"style-css-av-jfg5nepn-bd97e5ba368539c77ab80242598ca79d\">\n#top .flex_column.av-jfg5nepn-bd97e5ba368539c77ab80242598ca79d{\nmargin-top:0px;\nmargin-bottom:0px;\n}\n.flex_column.av-jfg5nepn-bd97e5ba368539c77ab80242598ca79d{\nborder-radius:0px 0px 0px 0px;\npadding:0px 0px 0px 0px;\n}\n.responsive #top #wrap_all .flex_column.av-jfg5nepn-bd97e5ba368539c77ab80242598ca79d{\nmargin-top:0px;\nmargin-bottom:0px;\n}\n<\/style>\n<div  class='flex_column av-jfg5nepn-bd97e5ba368539c77ab80242598ca79d av_one_full  avia-builder-el-4  avia-builder-el-no-sibling  first flex_column_div av-animated-generic fade-in av-zero-column-padding'     ><div id='av-masonry-1' class='av-masonry av-jfjbn9h2-f1519a651c0c019d53f994a90123429e noHover av-fixed-size av-large-gap av-hover-overlay-active av-masonry-animation-active av-masonry-col-4 av-caption-always av-caption-style- av-masonry-entries av-orientation-portrait-large' data-post_id=\"1565\"><div class=\"av-masonry-container isotope av-js-disabled\"><div class='av-masonry-entry isotope-item av-masonry-item-no-image'><\/div><a href=\"https:\/\/icsl.ae\/en\/dha-aerzte-lizenzierung-in-dubai-und-den-vae-2025-der-ultimative-leitfaden-fuer-deutsche-und-internationale-aerzte\/\"  id='av-masonry-1-item-2190' data-av-masonry-item='2190' class='av-masonry-entry isotope-item post-2190 post type-post status-publish format-standard has-post-thumbnail hentry category-allgemein  av-masonry-item-with-image' title=\"image\"   itemscope=\"itemscope\" itemtype=\"https:\/\/schema.org\/CreativeWork\" ><div class='av-inner-masonry-sizer'><\/div><figure class='av-inner-masonry main_color'><div class=\"av-masonry-outerimage-container\"><div class='av-masonry-image-container' style=\"background-image: url(https:\/\/icsl.ae\/wp-content\/uploads\/2025\/06\/image-705x529.png);\"  title=\"image\" ><\/div><\/div><figcaption class='av-inner-masonry-content site-background'><div class='av-inner-masonry-content-pos'><div class='av-inner-masonry-content-pos-content'><div class='avia-arrow'><\/div><h3 class='av-masonry-entry-title entry-title'  itemprop=\"headline\" >DHA \u00c4rzte-Lizenzierung in Dubai und den VAE 2025: Der ultimative Leitfaden f\u00fcr deutsche und internationale \u00c4rzte<\/h3><div class='av-masonry-entry-content entry-content'  itemprop=\"text\" >Warum Dubai und die VAE das neue Eldorado f\u00fcr deutsche \u00c4rzte\u2026<\/div><span class='av-masonry-date meta-color updated'>4. June 2025<\/span><span class=\"av-masonry-text-sep text-sep-author\">\/<\/span><span class='av-masonry-author meta-color author'><span class='fn'>by Nami Shams<\/span><\/span><\/div><\/div><\/figcaption><\/figure><\/a><!--end av-masonry entry--><a href=\"https:\/\/icsl.ae\/en\/arztlizenz-in-dubai-so-funktioniert-die-neue-dhcc-visiting-doctors-lizenz-2025-update\/\"  id='av-masonry-1-item-2181' data-av-masonry-item='2181' class='av-masonry-entry isotope-item post-2181 post type-post status-publish format-standard has-post-thumbnail hentry category-business  av-masonry-item-with-image' title=\"d730eb85-1e3a-4f25-8927-2ccbf530ad45-1\"   itemscope=\"itemscope\" itemtype=\"https:\/\/schema.org\/CreativeWork\" ><div class='av-inner-masonry-sizer'><\/div><figure class='av-inner-masonry main_color'><div class=\"av-masonry-outerimage-container\"><div class='av-masonry-image-container' style=\"background-image: url(https:\/\/icsl.ae\/wp-content\/uploads\/2025\/04\/d730eb85-1e3a-4f25-8927-2ccbf530ad45-1-705x705.png);\"  title=\"d730eb85-1e3a-4f25-8927-2ccbf530ad45-1\" ><\/div><\/div><figcaption class='av-inner-masonry-content site-background'><div class='av-inner-masonry-content-pos'><div class='av-inner-masonry-content-pos-content'><div class='avia-arrow'><\/div><h3 class='av-masonry-entry-title entry-title'  itemprop=\"headline\" >Arztlizenz in Dubai: So funktioniert die neue DHCC Visiting Doctors Lizenz (2025 Update)<\/h3><div class='av-masonry-entry-content entry-content'  itemprop=\"text\" >Dubai zieht nicht nur Touristen und Investoren an, sondern\u2026<\/div><span class='av-masonry-date meta-color updated'>6. April 2025<\/span><span class=\"av-masonry-text-sep text-sep-author\">\/<\/span><span class='av-masonry-author meta-color author'><span class='fn'>by Nami Shams<\/span><\/span><\/div><\/div><\/figcaption><\/figure><\/a><!--end av-masonry entry--><a href=\"https:\/\/icsl.ae\/en\/aerzte-stellen-in-dubai-wie-icsl-fze-aerzte-und-zahnaerzte-erfolgreich-in-die-vae-vermittelt\/\"  id='av-masonry-1-item-2179' data-av-masonry-item='2179' class='av-masonry-entry isotope-item post-2179 post type-post status-publish format-standard has-post-thumbnail hentry category-allgemein  av-masonry-item-with-image' title=\"vecteezy_doodle-freehand-drawing-of-united-arab-emirates-map_14219812\"   itemscope=\"itemscope\" itemtype=\"https:\/\/schema.org\/CreativeWork\" ><div class='av-inner-masonry-sizer'><\/div><figure class='av-inner-masonry main_color'><div class=\"av-masonry-outerimage-container\"><div class='av-masonry-image-container' style=\"background-image: url(https:\/\/icsl.ae\/wp-content\/uploads\/2024\/12\/vecteezy_doodle-freehand-drawing-of-united-arab-emirates-map_14219812-705x538.png);\"  title=\"vecteezy_doodle-freehand-drawing-of-united-arab-emirates-map_14219812\" ><\/div><\/div><figcaption class='av-inner-masonry-content site-background'><div class='av-inner-masonry-content-pos'><div class='av-inner-masonry-content-pos-content'><div class='avia-arrow'><\/div><h3 class='av-masonry-entry-title entry-title'  itemprop=\"headline\" >\u00c4rzte Stellen in Dubai: Wie ICSL FZE \u00c4rzte und Zahn\u00e4rzte erfolgreich in die VAE vermittelt<\/h3><div class='av-masonry-entry-content entry-content'  itemprop=\"text\" >Die Nachfrage nach qualifizierten \u00c4rzten und Zahn\u00e4rzten in\u2026<\/div><span class='av-masonry-date meta-color updated'>31. March 2025<\/span><span class=\"av-masonry-text-sep text-sep-author\">\/<\/span><span class='av-masonry-author meta-color author'><span class='fn'>by Nami Shams<\/span><\/span><\/div><\/div><\/figcaption><\/figure><\/a><!--end av-masonry entry--><a href=\"https:\/\/icsl.ae\/en\/firma-gruenden-in-den-vae-warum-icsl-legal-consulting-ihre-beste-wahl-ist-um-rechtliche-und-geschaeftliche-risiken-zu-vermeiden\/\"  id='av-masonry-1-item-2173' data-av-masonry-item='2173' class='av-masonry-entry isotope-item post-2173 post type-post status-publish format-standard has-post-thumbnail hentry category-business  av-masonry-item-with-image' title=\"Screenshot 2024-12-18 at 20.56.15\"   itemscope=\"itemscope\" itemtype=\"https:\/\/schema.org\/CreativeWork\" ><div class='av-inner-masonry-sizer'><\/div><figure class='av-inner-masonry main_color'><div class=\"av-masonry-outerimage-container\"><div class='av-masonry-image-container' style=\"background-image: url(https:\/\/icsl.ae\/wp-content\/uploads\/2024\/12\/Bildschirmfoto-2024-12-18-um-20.56.15-705x220.png);\"  title=\"Screenshot 2024-12-18 at 20.56.15\" ><\/div><\/div><figcaption class='av-inner-masonry-content site-background'><div class='av-inner-masonry-content-pos'><div class='av-inner-masonry-content-pos-content'><div class='avia-arrow'><\/div><h3 class='av-masonry-entry-title entry-title'  itemprop=\"headline\" >Firma gr\u00fcnden in den VAE: Warum ICSL Legal Consulting Ihre beste Wahl ist, um rechtliche und gesch\u00e4ftliche Risiken zu vermeiden<\/h3><div class='av-masonry-entry-content entry-content'  itemprop=\"text\" >Einleitung: Warum die VAE f\u00fcr Firmengr\u00fcnder attraktiv sind<br \/>\n<br \/>\n<br \/>\n<br \/>\nDie\u2026<\/div><span class='av-masonry-date meta-color updated'>30. March 2025<\/span><span class=\"av-masonry-text-sep text-sep-author\">\/<\/span><span class='av-masonry-author meta-color author'><span class='fn'>by Nami Shams<\/span><\/span><\/div><\/div><\/figcaption><\/figure><\/a><!--end av-masonry entry--><a href=\"https:\/\/icsl.ae\/en\/icsl-dubai-comprehensive-legal-support-for-influencers-in-the-uae\/\"  id='av-masonry-1-item-2136' data-av-masonry-item='2136' class='av-masonry-entry isotope-item post-2136 post type-post status-publish format-standard has-post-thumbnail hentry category-business  av-masonry-item-with-image' title=\"img_4197\"   itemscope=\"itemscope\" itemtype=\"https:\/\/schema.org\/CreativeWork\" ><div class='av-inner-masonry-sizer'><\/div><figure class='av-inner-masonry main_color'><div class=\"av-masonry-outerimage-container\"><div class='av-masonry-image-container' style=\"background-image: url(https:\/\/icsl.ae\/wp-content\/uploads\/2025\/01\/img_4197-705x470.jpg);\"  title=\"img_4197\" ><\/div><\/div><figcaption class='av-inner-masonry-content site-background'><div class='av-inner-masonry-content-pos'><div class='av-inner-masonry-content-pos-content'><div class='avia-arrow'><\/div><h3 class='av-masonry-entry-title entry-title'  itemprop=\"headline\" >ICSL Dubai: Comprehensive Legal Support for Influencers in the UAE<\/h3><div class='av-masonry-entry-content entry-content'  itemprop=\"text\" >With the UAE positioning itself as a global hub for digital...<\/div><span class='av-masonry-date meta-color updated'>January 28, 2025<\/span><span class=\"av-masonry-text-sep text-sep-author\">\/<\/span><span class='av-masonry-author meta-color author'><span class='fn'>by Nami Shams<\/span><\/span><\/div><\/div><\/figcaption><\/figure><\/a><!--end av-masonry entry--><a href=\"https:\/\/icsl.ae\/en\/why-influencers-should-avoid-social-media-legal-advice-trust-the-experts-at-icsl-dubai\/\"  id='av-masonry-1-item-2134' data-av-masonry-item='2134' class='av-masonry-entry isotope-item post-2134 post type-post status-publish format-standard has-post-thumbnail hentry category-business  av-masonry-item-with-image' title=\"Social media platforms - Facebook, Instagram, YouTube, Pinterest, X, LinkedIn, Reddit, TikTok, Threads\"   itemscope=\"itemscope\" itemtype=\"https:\/\/schema.org\/CreativeWork\" ><div class='av-inner-masonry-sizer'><\/div><figure class='av-inner-masonry main_color'><div class=\"av-masonry-outerimage-container\"><div class='av-masonry-image-container' style=\"background-image: url(https:\/\/icsl.ae\/wp-content\/uploads\/2025\/01\/img_4196-4-1-705x471.jpg);\"  title=\"Social media platforms - Facebook, Instagram, YouTube, Pinterest, X, LinkedIn, Reddit, TikTok, Threads\" ><\/div><\/div><figcaption class='av-inner-masonry-content site-background'><div class='av-inner-masonry-content-pos'><div class='av-inner-masonry-content-pos-content'><div class='avia-arrow'><\/div><h3 class='av-masonry-entry-title entry-title'  itemprop=\"headline\" >Why Influencers Should Avoid Social Media Legal Advice - Trust the Experts at ICSL Dubai<\/h3><div class='av-masonry-entry-content entry-content'  itemprop=\"text\" >The rise of influencers in today's digital landscape has made...<\/div><span class='av-masonry-date meta-color updated'>January 28, 2025<\/span><span class=\"av-masonry-text-sep text-sep-author\">\/<\/span><span class='av-masonry-author meta-color author'><span class='fn'>by Nami Shams<\/span><\/span><\/div><\/div><\/figcaption><\/figure><\/a><!--end av-masonry entry--><a href=\"https:\/\/icsl.ae\/en\/federal-decree-law-no-50-of-2022-the-commercial-code-of-the-vae-order-and-sale-of-the-reference-book\/\"  id='av-masonry-1-item-2025' data-av-masonry-item='2025' class='av-masonry-entry isotope-item post-2025 post type-post status-publish format-standard has-post-thumbnail hentry category-allgemein  av-masonry-item-with-image' title=\"1735941036\"   itemscope=\"itemscope\" itemtype=\"https:\/\/schema.org\/CreativeWork\" ><div class='av-inner-masonry-sizer'><\/div><figure class='av-inner-masonry main_color'><div class=\"av-masonry-outerimage-container\"><div class='av-masonry-image-container' style=\"background-image: url(https:\/\/icsl.ae\/wp-content\/uploads\/2025\/01\/1735941036-705x426.png);\"  title=\"1735941036\" ><\/div><\/div><figcaption class='av-inner-masonry-content site-background'><div class='av-inner-masonry-content-pos'><div class='av-inner-masonry-content-pos-content'><div class='avia-arrow'><\/div><h3 class='av-masonry-entry-title entry-title'  itemprop=\"headline\" >Federal Decree-Law No. 50 of 2022 - The Commercial Law of the UAE: Ordering and selling the reference book<\/h3><div class='av-masonry-entry-content entry-content'  itemprop=\"text\" >Federal Decree by Law No. (50) of 2022 - The Commercial Code...<\/div><span class='av-masonry-date meta-color updated'>January 4, 2025<\/span><span class=\"av-masonry-text-sep text-sep-author\">\/<\/span><span class='av-masonry-author meta-color author'><span class='fn'>by Nami Shams<\/span><\/span><\/div><\/div><\/figcaption><\/figure><\/a><!--end av-masonry entry--><a href=\"https:\/\/icsl.ae\/en\/strategic-lead-generation-for-german-companies-in-dubai-with-nami-shams-and-khaleej-digital-marketing-for-success\/\"  id='av-masonry-1-item-1815' data-av-masonry-item='1815' class='av-masonry-entry isotope-item post-1815 post type-post status-publish format-standard has-post-thumbnail hentry category-marketing  av-masonry-item-with-image' title=\"dd-mercury-blog-bg-opt\"   itemscope=\"itemscope\" itemtype=\"https:\/\/schema.org\/CreativeWork\" ><div class='av-inner-masonry-sizer'><\/div><figure class='av-inner-masonry main_color'><div class=\"av-masonry-outerimage-container\"><div class='av-masonry-image-container' style=\"background-image: url(https:\/\/icsl.ae\/wp-content\/uploads\/2024\/10\/dd-mercury-blog-bg-opt-1.jpg);\"  title=\"dd-mercury-blog-bg-opt\" ><\/div><\/div><figcaption class='av-inner-masonry-content site-background'><div class='av-inner-masonry-content-pos'><div class='av-inner-masonry-content-pos-content'><div class='avia-arrow'><\/div><h3 class='av-masonry-entry-title entry-title'  itemprop=\"headline\" >Strategic lead generation for German companies in Dubai: Success with Nami Shams and Khaleej Digital Marketing<\/h3><div class='av-masonry-entry-content entry-content'  itemprop=\"text\" >The United Arab Emirates, and Dubai in particular, are...<\/div><span class='av-masonry-date meta-color updated'>December 3, 2024<\/span><span class=\"av-masonry-text-sep text-sep-author\">\/<\/span><span class='av-masonry-author meta-color author'><span class='fn'>by Nami Shams<\/span><\/span><\/div><\/div><\/figcaption><\/figure><\/a><!--end av-masonry entry--><\/div><div class='av-masonry-pagination av-masonry-pagination-pagination'><nav class='pagination'><span class='pagination-meta'>Page 1 of 2<\/span><span class='current'>1<\/span><a href='https:\/\/icsl.ae\/wp-json\/wp\/v2\/pages\/1565\/?avia-element-paging=2' class='inactive next_page' >2<\/a><\/nav>\n<\/div><\/div><\/div>\n<\/p>","protected":false},"excerpt":{"rendered":"","protected":false},"author":1,"featured_media":0,"parent":0,"menu_order":0,"comment_status":"closed","ping_status":"closed","template":"","meta":{"_acf_changed":false,"footnotes":""},"class_list":["post-1565","page","type-page","status-publish","hentry"],"acf":[],"jetpack_sharing_enabled":true,"_links":{"self":[{"href":"https:\/\/icsl.ae\/en\/wp-json\/wp\/v2\/pages\/1565","targetHints":{"allow":["GET"]}}],"collection":[{"href":"https:\/\/icsl.ae\/en\/wp-json\/wp\/v2\/pages"}],"about":[{"href":"https:\/\/icsl.ae\/en\/wp-json\/wp\/v2\/types\/page"}],"author":[{"embeddable":true,"href":"https:\/\/icsl.ae\/en\/wp-json\/wp\/v2\/users\/1"}],"replies":[{"embeddable":true,"href":"https:\/\/icsl.ae\/en\/wp-json\/wp\/v2\/comments?post=1565"}],"version-history":[{"count":5,"href":"https:\/\/icsl.ae\/en\/wp-json\/wp\/v2\/pages\/1565\/revisions"}],"predecessor-version":[{"id":1875,"href":"https:\/\/icsl.ae\/en\/wp-json\/wp\/v2\/pages\/1565\/revisions\/1875"}],"wp:attachment":[{"href":"https:\/\/icsl.ae\/en\/wp-json\/wp\/v2\/media?parent=1565"}],"curies":[{"name":"wp","href":"https:\/\/api.w.org\/{rel}","templated":true}]}}