{"id":2001,"date":"2024-12-20T20:45:35","date_gmt":"2024-12-20T19:45:35","guid":{"rendered":"https:\/\/icsl.ae\/?page_id=2001"},"modified":"2026-04-05T16:56:39","modified_gmt":"2026-04-05T14:56:39","slug":"%d8%a7%d9%84%d8%a7%d8%b3%d8%aa%d8%b4%d8%a7%d8%b1%d8%a7%d8%aa-%d8%a7%d9%84%d8%b6%d8%b1%d9%8a%d8%a8%d9%8a%d8%a9-%d9%88%d8%a7%d9%84%d9%85%d8%ad%d8%a7%d8%b3%d8%a8%d8%a9","status":"publish","type":"page","link":"https:\/\/icsl.ae\/ar\/%d8%a7%d9%84%d8%a7%d8%b3%d8%aa%d8%b4%d8%a7%d8%b1%d8%a7%d8%aa-%d8%a7%d9%84%d8%b6%d8%b1%d9%8a%d8%a8%d9%8a%d8%a9-%d9%88%d8%a7%d9%84%d9%85%d8%ad%d8%a7%d8%b3%d8%a8%d8%a9\/","title":{"rendered":"Klinik Setup &amp; Management in Dubai"},"content":{"rendered":"<style type=\"text\/css\" data-created_by=\"avia_inline_auto\" id=\"style-css-av-145nae-cb98c77bd750a074e7ff0ba2da29dedd\">\n.avia-section.av-145nae-cb98c77bd750a074e7ff0ba2da29dedd{\nbackground-repeat:no-repeat;\nbackground-image:url(https:\/\/icsl.ae\/wp-content\/uploads\/2024\/12\/Bildschirmfoto-2024-12-18-um-21.06.17-300x92.png);\nbackground-position:50% 50%;\nbackground-attachment:scroll;\n}\n.avia-section.av-145nae-cb98c77bd750a074e7ff0ba2da29dedd .av-section-color-overlay{\nopacity:0.6;\nbackground-color:#084a79;\n}\n<\/style>\n<div id='av_section_1'  class='avia-section av-145nae-cb98c77bd750a074e7ff0ba2da29dedd main_color avia-section-default avia-no-border-styling  avia-builder-el-0  el_before_av_section  avia-builder-el-first  avia-full-stretch avia-bg-style-scroll av-section-color-overlay-active av-minimum-height av-minimum-height-custom av-height-custom  container_wrap fullsize'  data-section-bg-repeat='stretch' data-av_minimum_height_px='230'><div class=\"av-section-color-overlay-wrap\"><div class=\"av-section-color-overlay\"><\/div><div class='container av-section-cont-open' style='height:230px'><main  role=\"main\" itemprop=\"mainContentOfPage\"  class='template-page content  av-content-full alpha units'><div class='post-entry post-entry-type-page post-entry-2001'><div class='entry-content-wrapper clearfix'>\n\n<style type=\"text\/css\" data-created_by=\"avia_inline_auto\" id=\"style-css-av-jgf3pjem-ee2a691ebc0a9a100bc99d372a9c72ca\">\n#top .flex_column.av-jgf3pjem-ee2a691ebc0a9a100bc99d372a9c72ca{\nmargin-top:0px;\nmargin-bottom:0px;\n}\n.flex_column.av-jgf3pjem-ee2a691ebc0a9a100bc99d372a9c72ca{\nborder-radius:0px 0px 0px 0px;\npadding:0px 0px 0px 0px;\n}\n.responsive #top #wrap_all .flex_column.av-jgf3pjem-ee2a691ebc0a9a100bc99d372a9c72ca{\nmargin-top:0px;\nmargin-bottom:0px;\n}\n<\/style>\n<div  class='flex_column av-jgf3pjem-ee2a691ebc0a9a100bc99d372a9c72ca av_one_full  avia-builder-el-1  avia-builder-el-no-sibling  first flex_column_div av-animated-generic left-to-right av-zero-column-padding'     ><style type=\"text\/css\" data-created_by=\"avia_inline_auto\" id=\"style-css-av-jgwcxcei-0020a1fe32f268a410875597ea001352\">\n#top .av-special-heading.av-jgwcxcei-0020a1fe32f268a410875597ea001352{\nmargin:0 0 0 0;\npadding-bottom:0;\ncolor:#ffffff;\nfont-size:5vw;\n}\nbody .av-special-heading.av-jgwcxcei-0020a1fe32f268a410875597ea001352 .av-special-heading-tag .heading-char{\nfont-size:25px;\n}\n#top #wrap_all .av-special-heading.av-jgwcxcei-0020a1fe32f268a410875597ea001352 .av-special-heading-tag{\nfont-size:5vw;\n}\n.av-special-heading.av-jgwcxcei-0020a1fe32f268a410875597ea001352 .special-heading-inner-border{\nborder-color:#ffffff;\n}\n.av-special-heading.av-jgwcxcei-0020a1fe32f268a410875597ea001352 .av-subheading{\nfont-size:25px;\n}\n\n@media only screen and (max-width: 479px){ \n#top #wrap_all .av-special-heading.av-jgwcxcei-0020a1fe32f268a410875597ea001352 .av-special-heading-tag{\nfont-size:40px;\n}\n}\n\n@media only screen and (min-width: 480px) and (max-width: 767px){ \n#top #wrap_all .av-special-heading.av-jgwcxcei-0020a1fe32f268a410875597ea001352 .av-special-heading-tag{\nfont-size:0.8em;\n}\n}\n<\/style>\n<div  class='av-special-heading av-jgwcxcei-0020a1fe32f268a410875597ea001352 av-special-heading-h2 custom-color-heading blockquote modern-quote modern-centered  avia-builder-el-2  avia-builder-el-no-sibling  av-inherit-size'><h2 class='av-special-heading-tag'  itemprop=\"headline\"  >Klinik Setup <span class='special_amp'>&amp;<\/span> Management<\/h2><div class=\"special-heading-border\"><div class=\"special-heading-inner-border\"><\/div><\/div><\/div><\/div><\/div><\/div><\/main><!-- close content main element --><\/div><\/div><\/div><div id='av_section_2'  class='avia-section av-2eg9ay-566492a2aef3428e44904c46ee45789b main_color avia-section-large avia-no-border-styling  avia-builder-el-3  el_after_av_section  avia-builder-el-last  avia-bg-style-scroll container_wrap fullsize'  ><div class='container av-section-cont-open' ><div class='template-page content  av-content-full alpha units'><div class='post-entry post-entry-type-page post-entry-2001'><div class='entry-content-wrapper clearfix'>\n<section  class='av_textblock_section av-m4ubsd4k-b40f03fa0e7e05b84863d95d19aa7042'   itemscope=\"itemscope\" itemtype=\"https:\/\/schema.org\/CreativeWork\" ><div class='avia_textblock'  itemprop=\"text\" ><h3><strong>Klinik Setup &amp; Management in den Vereinigten Arabischen Emiraten mit ICSL Dubai<\/strong><\/h3>\n<p>Die Vereinigten Arabischen Emirate, insbesondere Dubai, bieten Unternehmern und Investoren attraktive steuerliche Rahmenbedingungen, wie die weitgehende Steuerfreiheit und eine unternehmensfreundliche Regulierung. Doch trotz dieser Vorteile gibt es eine Vielzahl von gesetzlichen Vorgaben, die eingehalten werden m\u00fcssen, um professionelle Sicherheit und eine nachhaltige Gesch\u00e4ftsentwicklung zu gew\u00e4hrleisten.<\/p>\n<p>ICSL Dubai unterst\u00fctzt Sie mit umfassender Klinik Management Beratung und professioneller Klinik Administration, um Ihre finanziellen Angelegenheiten effizient und professionell zu gestalten. Unser erfahrenes Team aus Experten f\u00fcr Steuern und Finanzen sorgt daf\u00fcr, dass Sie sich auf Ihr Kerngesch\u00e4ft konzentrieren k\u00f6nnen, w\u00e4hrend wir uns um die Details k\u00fcmmern.<\/p>\n<hr \/>\n<h3><strong>Klinik Management Beratung in den Emiraten \u2013 Klare Strukturen und Optimierung<\/strong><\/h3>\n<p>\u062a\u062a\u0645\u062a\u0651\u0639 \u0627\u0644\u0625\u0645\u0627\u0631\u0627\u062a \u0627\u0644\u0639\u0631\u0628\u064a\u0629 \u0627\u0644\u0645\u062a\u062d\u062f\u0629 \u0628\u0646\u0638\u0627\u0645 \u0636\u0631\u064a\u0628\u064a \u0645\u0648\u0627\u062a\u064d \u0645\u0642\u0627\u0631\u0646\u0629\u064b \u0628\u0627\u0644\u0639\u062f\u064a\u062f \u0645\u0646 \u0627\u0644\u0628\u0644\u062f\u0627\u0646 \u0627\u0644\u0623\u062e\u0631\u0649\u060c \u062d\u064a\u062b \u0644\u0627 \u062a\u0648\u062c\u062f \u0636\u0631\u064a\u0628\u0629 \u0639\u0644\u0649 \u0627\u0644\u062f\u062e\u0644 \u0648\u0636\u0631\u064a\u0628\u0629 \u0636\u0626\u064a\u0644\u0629 \u0639\u0644\u0649 \u0627\u0644\u0634\u0631\u0643\u0627\u062a \u0641\u064a \u0628\u0639\u0636 \u0627\u0644\u0635\u0646\u0627\u0639\u0627\u062a. \u0648\u0645\u0639 \u0630\u0644\u0643\u060c \u0647\u0646\u0627\u0643 \u0644\u0648\u0627\u0626\u062d \u062a\u0646\u0638\u064a\u0645\u064a\u0629\u060c \u0645\u062b\u0644 \u0641\u0631\u0636 \u0636\u0631\u064a\u0628\u0629 \u0627\u0644\u0642\u064a\u0645\u0629 \u0627\u0644\u0645\u0636\u0627\u0641\u0629\u060c \u0648\u0627\u0644\u062a\u0633\u062c\u064a\u0644 \u0627\u0644\u0636\u0631\u064a\u0628\u064a \u0627\u0644\u0635\u062d\u064a\u062d \u0648\u062a\u0642\u062f\u064a\u0645 \u0627\u0644\u0625\u0642\u0631\u0627\u0631\u0627\u062a \u0627\u0644\u0636\u0631\u064a\u0628\u064a\u0629 \u0641\u064a \u0627\u0644\u0648\u0642\u062a \u0627\u0644\u0645\u0646\u0627\u0633\u0628\u060c \u0648\u0627\u0644\u062a\u064a \u064a\u062c\u0628 \u0627\u0644\u0627\u0644\u062a\u0632\u0627\u0645 \u0628\u0647\u0627.<\/p>\n<p>ICSL Dubai bietet Ihnen umfassende Unterst\u00fctzung in allen Bereichen der Klinik Management Beratung:<\/p>\n<ul>\n<li><strong>\u0636\u0631\u064a\u0628\u0629 \u0627\u0644\u0642\u064a\u0645\u0629 \u0627\u0644\u0645\u0636\u0627\u0641\u0629 (VAT):<\/strong> \u0646\u062d\u0646 \u0646\u062f\u0639\u0645\u0643 \u0641\u064a \u0627\u0644\u062a\u0633\u062c\u064a\u0644 \u0648\u062d\u0633\u0627\u0628 \u0636\u0631\u064a\u0628\u0629 \u0627\u0644\u0642\u064a\u0645\u0629 \u0627\u0644\u0645\u0636\u0627\u0641\u0629 \u0648\u062a\u0642\u062f\u064a\u0645 \u0625\u0642\u0631\u0627\u0631\u0627\u062a \u0636\u0631\u064a\u0628\u0629 \u0627\u0644\u0642\u064a\u0645\u0629 \u0627\u0644\u0645\u0636\u0627\u0641\u0629 \u0641\u064a \u0627\u0644\u0648\u0642\u062a \u0627\u0644\u0645\u0646\u0627\u0633\u0628.<\/li>\n<li><strong>\u0636\u0631\u064a\u0628\u0629 \u062f\u062e\u0644 \u0627\u0644\u0634\u0631\u0643\u0627\u062a:<\/strong> \u0646\u062d\u0646 \u0646\u0633\u0627\u0639\u062f\u0643 \u0639\u0644\u0649 \u0641\u0647\u0645 \u0627\u0644\u0645\u062a\u0637\u0644\u0628\u0627\u062a \u0627\u0644\u0636\u0631\u064a\u0628\u064a\u0629 \u0648\u062a\u062d\u0633\u064a\u0646 \u0627\u0644\u0647\u064a\u0643\u0644 \u0627\u0644\u0636\u0631\u064a\u0628\u064a \u0627\u0644\u062e\u0627\u0635 \u0628\u0643 \u0648\u0641\u0642\u0627\u064b \u0644\u0644\u0648\u0627\u0626\u062d \u0627\u0644\u062c\u062f\u064a\u062f\u0629.<\/li>\n<li><strong>\u0627\u0644\u062a\u062e\u0637\u064a\u0637 \u0627\u0644\u0636\u0631\u064a\u0628\u064a \u0627\u0644\u062f\u0648\u0644\u064a:<\/strong> \u0645\u0639 \u0627\u0644\u062a\u0631\u0643\u064a\u0632 \u0639\u0644\u0649 \u0627\u0644\u0623\u0639\u0645\u0627\u0644 \u0627\u0644\u062a\u062c\u0627\u0631\u064a\u0629 \u0627\u0644\u0639\u0627\u0628\u0631\u0629 \u0644\u0644\u062d\u062f\u0648\u062f\u060c \u0646\u0642\u0648\u0645 \u0628\u062a\u0637\u0648\u064a\u0631 \u0627\u0633\u062a\u0631\u0627\u062a\u064a\u062c\u064a\u0627\u062a \u0644\u062a\u0642\u0644\u064a\u0644 \u0627\u0644\u0639\u0628\u0621 \u0627\u0644\u0636\u0631\u064a\u0628\u064a \u0648\u0627\u0644\u0627\u0633\u062a\u0641\u0627\u062f\u0629 \u0627\u0644\u0643\u0627\u0645\u0644\u0629 \u0645\u0646 \u0627\u0644\u0646\u0638\u0627\u0645 \u0627\u0644\u0636\u0631\u064a\u0628\u064a \u0641\u064a \u0627\u0644\u0625\u0645\u0627\u0631\u0627\u062a \u0627\u0644\u0639\u0631\u0628\u064a\u0629 \u0627\u0644\u0645\u062a\u062d\u062f\u0629.<\/li>\n<li><strong>\u0646\u0635\u064a\u062d\u0629 \u0628\u0634\u0623\u0646 \u0627\u0644\u0645\u0646\u0627\u0637\u0642 \u0627\u0644\u062d\u0631\u0629:<\/strong> \u062a\u0637\u0628\u0642 \u0644\u0648\u0627\u0626\u062d \u0636\u0631\u064a\u0628\u064a\u0629 \u062e\u0627\u0635\u0629 \u0641\u064a \u0645\u0646\u0627\u0637\u0642 \u0627\u0644\u062a\u062c\u0627\u0631\u0629 \u0627\u0644\u062d\u0631\u0629 \u0641\u064a \u0627\u0644\u0625\u0645\u0627\u0631\u0627\u062a. \u0646\u062d\u0646 \u0646\u0633\u0627\u0639\u062f\u0643 \u0639\u0644\u0649 \u062a\u062d\u062f\u064a\u062f \u0648\u062a\u0646\u0641\u064a\u0630 \u0623\u0641\u0636\u0644 \u0627\u0644\u062e\u064a\u0627\u0631\u0627\u062a \u0644\u0634\u0631\u0643\u062a\u0643.<\/li>\n<\/ul>\n<p>Unser Ziel ist es, Ihnen transparente, professionelle und langfristige L\u00f6sungen anzubieten, die Ihre gesch\u00e4ftlichen Anforderungen erf\u00fcllen und Ihnen helfen, finanzielle Ressourcen optimal einzusetzen.<\/p>\n<hr \/>\n<h3><strong>Klinik Administration in Dubai \u2013 Pr\u00e4zision und Compliance<\/strong><\/h3>\n<p>Eine ordnungsgem\u00e4\u00dfe Klinik Administration ist nicht nur gesetzlich vorgeschrieben, sondern auch essenziell f\u00fcr die finanzielle Gesundheit und den Erfolg Ihres Unternehmens. ICSL Dubai bietet Ihnen ma\u00dfgeschneiderte Klinik Administrationsdienstleistungen, die auf Ihre individuellen Anforderungen zugeschnitten sind:<\/p>\n<ul>\n<li><strong>\u0627\u0644\u0645\u062d\u0627\u0633\u0628\u0629 \u0627\u0644\u0645\u0627\u0644\u064a\u0629:<\/strong> \u0646\u062d\u0646 \u0646\u0647\u062a\u0645 \u0628\u062c\u0645\u064a\u0639 \u0639\u0645\u0644\u064a\u0627\u062a \u0645\u0633\u0643 \u0627\u0644\u062f\u0641\u0627\u062a\u0631\u060c \u0628\u0645\u0627 \u0641\u064a \u0630\u0644\u0643 \u062a\u0633\u062c\u064a\u0644 \u062c\u0645\u064a\u0639 \u0627\u0644\u0645\u0639\u0627\u0645\u0644\u0627\u062a \u0627\u0644\u062a\u062c\u0627\u0631\u064a\u0629\u060c \u0648\u0646\u0636\u0645\u0646 \u0623\u0646 \u062a\u0643\u0648\u0646 \u062f\u0641\u0627\u062a\u0631\u0643 \u0643\u0627\u0645\u0644\u0629 \u0648\u0635\u062d\u064a\u062d\u0629.<\/li>\n<li><strong>\u0625\u0639\u062f\u0627\u062f \u0627\u0644\u0628\u064a\u0627\u0646\u0627\u062a \u0627\u0644\u0645\u0627\u0644\u064a\u0629 \u0627\u0644\u0633\u0646\u0648\u064a\u0629:<\/strong> \u064a\u0642\u0648\u0645 \u062e\u0628\u0631\u0627\u0624\u0646\u0627 \u0628\u0625\u0639\u062f\u0627\u062f \u0627\u0644\u0628\u064a\u0627\u0646\u0627\u062a \u0627\u0644\u0645\u0627\u0644\u064a\u0629 \u0627\u0644\u0645\u062a\u0648\u0627\u0641\u0642\u0629 \u0645\u0639 \u0627\u0644\u0642\u0627\u0646\u0648\u0646 \u0648\u0627\u0644\u062a\u064a \u062a\u0641\u064a \u0628\u0645\u062a\u0637\u0644\u0628\u0627\u062a \u062f\u0648\u0644\u0629 \u0627\u0644\u0625\u0645\u0627\u0631\u0627\u062a \u0627\u0644\u0639\u0631\u0628\u064a\u0629 \u0627\u0644\u0645\u062a\u062d\u062f\u0629 \u0648\u0641\u064a \u0646\u0641\u0633 \u0627\u0644\u0648\u0642\u062a \u062a\u0642\u062f\u0645 \u0646\u0638\u0631\u0629 \u0639\u0627\u0645\u0629 \u0648\u0627\u0636\u062d\u0629 \u0639\u0646 \u0648\u0636\u0639\u0643 \u0627\u0644\u0645\u0627\u0644\u064a.<\/li>\n<li><strong>\u0645\u062d\u0627\u0633\u0628\u0629 \u0627\u0644\u0631\u0648\u0627\u062a\u0628:<\/strong> Wir k\u00fcmmern uns um die Gehaltsabrechnungen, die Berechnung von Sozialabgaben und die Einhaltung aller arbeitsregulatorischen Vorschriften.<\/li>\n<li><strong>\u0627\u0644\u0625\u0628\u0644\u0627\u063a:<\/strong> \u062a\u0632\u0648\u062f\u0643 \u062a\u0642\u0627\u0631\u064a\u0631\u0646\u0627 \u0628\u0646\u0638\u0631\u0629 \u0639\u0627\u0645\u0629 \u0648\u0627\u0636\u062d\u0629 \u0639\u0646 \u0634\u0624\u0648\u0646\u0643 \u0627\u0644\u0645\u0627\u0644\u064a\u0629 \u0648\u062a\u062f\u0639\u0645\u0643 \u0641\u064a \u0627\u062a\u062e\u0627\u0630 \u0642\u0631\u0627\u0631\u0627\u062a \u062a\u062c\u0627\u0631\u064a\u0629 \u0645\u062f\u0631\u0648\u0633\u0629.<\/li>\n<li><strong>\u0627\u0644\u0631\u0642\u0645\u0646\u0629 \u0648\u0627\u0644\u0623\u062a\u0645\u062a\u0629:<\/strong> Mit modernen Klinik Administrationssoftwarel\u00f6sungen sorgen wir f\u00fcr eine effiziente und transparente Buchf\u00fchrung, die jederzeit abrufbar ist.<\/li>\n<\/ul>\n<hr \/>\n<h3><strong>Warum ICSL Dubai Ihr Partner f\u00fcr Klinik Setup &amp; Management ist<\/strong><\/h3>\n<p>Unsere Expertise im Steuerrecht und in der Klinik Administration in den Vereinigten Arabischen Emiraten erm\u00f6glicht es uns, Ihnen ganzheitliche L\u00f6sungen anzubieten. Mit einem tiefen Verst\u00e4ndnis der lokalen Vorschriften und internationalen Standards stellen wir sicher, dass Ihre finanziellen Angelegenheiten nicht nur gesetzeskonform, sondern auch effizient und strategisch ausgerichtet sind.<\/p>\n<p><strong>\u0645\u0632\u0627\u064a\u0627\u0643 \u0645\u0639 ICSL \u062f\u0628\u064a:<\/strong><\/p>\n<ul>\n<li>Expertenwissen im Steuerrecht und Klinik Administrationswesen der VAE<\/li>\n<li>\u062d\u0644\u0648\u0644 \u0645\u062e\u0635\u0635\u0629\u060c \u062a\u062a\u0643\u064a\u0641 \u0645\u0639 \u0645\u062a\u0637\u0644\u0628\u0627\u062a \u0623\u0639\u0645\u0627\u0644\u0643 \u0627\u0644\u062a\u062c\u0627\u0631\u064a\u0629<\/li>\n<li>Effiziente Abwicklung und professionelle Sicherheit<\/li>\n<li>\u0627\u0644\u062a\u0648\u0627\u0635\u0644 \u0627\u0644\u0634\u0641\u0627\u0641 \u0648\u0627\u0644\u062f\u0639\u0645 \u0627\u0644\u0645\u0648\u062b\u0648\u0642 \u0628\u0647<\/li>\n<\/ul>\n<p>Egal, ob Sie ein Start-up, ein KMU oder ein internationaler Konzern sind \u2013 ICSL Dubai ist Ihr zuverl\u00e4ssiger Partner, um steuerliche und buchhalterische Anforderungen in Dubai und den Emiraten professionell und professionell zu meistern.<\/p>\n<\/div><\/section>\n<\/p>","protected":false},"excerpt":{"rendered":"","protected":false},"author":1,"featured_media":0,"parent":0,"menu_order":0,"comment_status":"closed","ping_status":"closed","template":"","meta":{"_acf_changed":false,"footnotes":""},"class_list":["post-2001","page","type-page","status-publish","hentry"],"acf":[],"jetpack_sharing_enabled":true,"_links":{"self":[{"href":"https:\/\/icsl.ae\/ar\/wp-json\/wp\/v2\/pages\/2001","targetHints":{"allow":["GET"]}}],"collection":[{"href":"https:\/\/icsl.ae\/ar\/wp-json\/wp\/v2\/pages"}],"about":[{"href":"https:\/\/icsl.ae\/ar\/wp-json\/wp\/v2\/types\/page"}],"author":[{"embeddable":true,"href":"https:\/\/icsl.ae\/ar\/wp-json\/wp\/v2\/users\/1"}],"replies":[{"embeddable":true,"href":"https:\/\/icsl.ae\/ar\/wp-json\/wp\/v2\/comments?post=2001"}],"version-history":[{"count":4,"href":"https:\/\/icsl.ae\/ar\/wp-json\/wp\/v2\/pages\/2001\/revisions"}],"predecessor-version":[{"id":2215,"href":"https:\/\/icsl.ae\/ar\/wp-json\/wp\/v2\/pages\/2001\/revisions\/2215"}],"wp:attachment":[{"href":"https:\/\/icsl.ae\/ar\/wp-json\/wp\/v2\/media?parent=2001"}],"curies":[{"name":"wp","href":"https:\/\/api.w.org\/{rel}","templated":true}]}}