{"id":1971,"date":"2024-12-19T06:58:19","date_gmt":"2024-12-19T05:58:19","guid":{"rendered":"https:\/\/icsl.ae\/?page_id=1971"},"modified":"2024-12-19T06:58:22","modified_gmt":"2024-12-19T05:58:22","slug":"%d8%a8%d8%b5%d9%85%d8%a9","status":"publish","type":"page","link":"https:\/\/icsl.ae\/ar\/%d8%a8%d8%b5%d9%85%d8%a9\/","title":{"rendered":"\u0628\u0635\u0645\u0629"},"content":{"rendered":"<h3 class=\"wp-block-heading\">\u0628\u0635\u0645\u0629<\/h3>\n\n\n\n<h3 class=\"wp-block-heading\"><strong>1 - \u0627\u0644\u0634\u062e\u0635 \u0627\u0644\u0645\u0633\u0624\u0648\u0644<\/strong><\/h3>\n\n\n\n<p>\u0622\u064a \u0633\u064a \u0625\u0633 \u0625\u0644 \u062f\u0628\u064a - \u0645\u062d\u0627\u0645\u0648\u0646 \u062f\u0648\u0644\u064a\u0648\u0646 \u0644\u062d\u0644\u0648\u0644 \u0631\u0623\u0633 \u0627\u0644\u0645\u0627\u0644 \u0627\u0644\u062f\u0648\u0644\u064a\u0629 - International Capital Solutions Lawyers<br>\u0627\u0644\u062e\u0644\u064a\u062c \u0627\u0644\u062a\u062c\u0627\u0631\u064a\u060c \u062f\u0628\u064a\u060c \u0627\u0644\u0625\u0645\u0627\u0631\u0627\u062a \u0627\u0644\u0639\u0631\u0628\u064a\u0629 \u0627\u0644\u0645\u062a\u062d\u062f\u0629<br>\u0627\u0644\u0628\u0631\u064a\u062f \u0627\u0644\u0625\u0644\u0643\u062a\u0631\u0648\u0646\u064a: hello@icsl.ae<br><\/p>\n\n\n\n<hr class=\"wp-block-separator has-alpha-channel-opacity\"\/>\n\n\n\n<h3 class=\"wp-block-heading\"><strong>\u062d\u0642\u0648\u0642 \u0627\u0644\u0637\u0628\u0639 \u0648\u0627\u0644\u0646\u0634\u0631<\/strong><\/h3>\n\n\n\n<p>\u062c\u0645\u064a\u0639 \u0645\u062d\u062a\u0648\u064a\u0627\u062a \u0645\u0648\u0642\u0639\u0646\u0627 \u0627\u0644\u0625\u0644\u0643\u062a\u0631\u0648\u0646\u064a \u0645\u062d\u0645\u064a\u0629 \u0628\u0645\u0648\u062c\u0628 \u062d\u0642\u0648\u0642 \u0627\u0644\u0646\u0634\u0631. \u0627\u0633\u062a\u062e\u062f\u0627\u0645 \u0627\u0644\u0645\u062d\u062a\u0648\u0649 \u0645\u0635\u0631\u062d \u0628\u0647 \u0635\u0631\u0627\u062d\u0629\u064b \u0644\u0623\u063a\u0631\u0627\u0636 \u062e\u0627\u0635\u0629 \u063a\u064a\u0631 \u062a\u062c\u0627\u0631\u064a\u0629. \u0641\u064a \u062d\u0627\u0644\u0629 \u0625\u0639\u0627\u062f\u0629 \u0627\u0644\u0625\u0646\u062a\u0627\u062c\u060c \u0641\u0625\u0646 \u062d\u0642\u0648\u0642 \u0627\u0644\u0637\u0628\u0639 \u0648\u0627\u0644\u0646\u0634\u0631 \u0648\u062d\u0642\u0648\u0642 \u0627\u0644\u0645\u0644\u0643\u064a\u0629 \u0644\u0640\u00a0<strong>ICSL \u062f\u0628\u064a<\/strong> \u0644\u0644\u0625\u0634\u0627\u0631\u0629 \u0625\u0644\u0649. \u0644\u0627 \u064a\u062c\u0648\u0632 \u062a\u063a\u064a\u064a\u0631 \u0627\u0644\u0645\u062d\u062a\u0648\u064a\u0627\u062a \u0648\u0644\u0627 \u064a\u062c\u0648\u0632 \u0627\u0633\u062a\u062e\u062f\u0627\u0645\u0647\u0627 \u062f\u0648\u0646 \u0625\u0630\u0646 \u0643\u062a\u0627\u0628\u064a \u0645\u0646\u00a0<strong>ICSL \u062f\u0628\u064a<\/strong>\u00a0\u0644\u0627 \u064a\u062c\u0648\u0632 \u0627\u0633\u062a\u062e\u062f\u0627\u0645\u0647\u0627 \u0639\u0644\u0649 \u0645\u0648\u0627\u0642\u0639 \u0625\u0644\u0643\u062a\u0631\u0648\u0646\u064a\u0629 \u0623\u062e\u0631\u0649 \u0623\u0648 \u0639\u0644\u0649 \u0623\u062c\u0647\u0632\u0629 \u0627\u0644\u0643\u0645\u0628\u064a\u0648\u062a\u0631 \u0627\u0644\u0645\u062a\u0635\u0644\u0629 \u0628\u0627\u0644\u0634\u0628\u0643\u0629. \u064a\u0644\u0632\u0645 \u0627\u0644\u062d\u0635\u0648\u0644 \u0639\u0644\u0649 \u0625\u0630\u0646 \u0643\u062a\u0627\u0628\u064a \u0645\u0633\u0628\u0642 \u0644\u0623\u064a \u0627\u0633\u062a\u062e\u062f\u0627\u0645 \u0644\u0623\u063a\u0631\u0627\u0636 \u0639\u0627\u0645\u0629 \u0623\u0648 \u062a\u062c\u0627\u0631\u064a\u0629. \u062a\u062a\u0637\u0644\u0628 \u0627\u0646\u062a\u0647\u0627\u0643\u0627\u062a \u0647\u0630\u0647 \u0627\u0644\u0634\u0631\u0648\u0637 \u0648\u0627\u0644\u0623\u062d\u0643\u0627\u0645 \u0627\u0644\u062a\u062f\u0645\u064a\u0631 \u0627\u0644\u0641\u0648\u0631\u064a \u0644\u062c\u0645\u064a\u0639 \u0627\u0644\u0645\u062d\u062a\u0648\u064a\u0627\u062a \u0627\u0644\u0645\u062a\u0623\u062b\u0631\u0629. \u0646\u062d\u0646 \u0646\u062d\u062a\u0641\u0638 \u0628\u0627\u0644\u062d\u0642 \u0641\u064a \u062a\u0623\u0643\u064a\u062f \u0645\u0637\u0627\u0644\u0628\u0627\u062a \u0623\u062e\u0631\u0649 \u0628\u0627\u0644\u062a\u0639\u0648\u064a\u0636 \u0639\u0646 \u0627\u0644\u0623\u0636\u0631\u0627\u0631.<\/p>\n\n\n\n<p><strong>\u0627\u0644\u0645\u0633\u0624\u0648\u0644\u064a\u0629<\/strong><\/p>\n\n\n\n<p>ICSL \u062f\u0628\u064a \u0645\u0633\u0624\u0648\u0644\u0629 \u0639\u0646 \u0627\u0644\u0645\u062d\u062a\u0648\u0649 \u0627\u0644\u062e\u0627\u0635 \u0628\u0647\u0627 \u0639\u0644\u0649 \u0647\u0630\u0627 \u0627\u0644\u0645\u0648\u0642\u0639 \u0627\u0644\u0625\u0644\u0643\u062a\u0631\u0648\u0646\u064a. \u0642\u062f \u064a\u062d\u062a\u0648\u064a \u0645\u0648\u0642\u0639\u0646\u0627 \u0627\u0644\u0625\u0644\u0643\u062a\u0631\u0648\u0646\u064a \u0639\u0644\u0649 \u0631\u0648\u0627\u0628\u0637 \u0644\u0645\u0648\u0627\u0642\u0639 \u0637\u0631\u0641 \u062b\u0627\u0644\u062b. \u0646\u062d\u0646 \u0644\u0627 \u0646\u062a\u062d\u0645\u0644 \u0623\u064a \u0645\u0633\u0624\u0648\u0644\u064a\u0629 \u0639\u0646 \u0627\u0644\u0645\u062d\u062a\u0648\u0649 \u0627\u0644\u062e\u0627\u0631\u062c\u064a \u0627\u0644\u0630\u064a \u064a\u0645\u0643\u0646 \u0627\u0644\u0648\u0635\u0648\u0644 \u0625\u0644\u064a\u0647 \u0639\u0628\u0631 \u0647\u0630\u0647 \u0627\u0644\u0631\u0648\u0627\u0628\u0637. \u062a\u0645 \u0641\u062d\u0635 \u062c\u0645\u064a\u0639 \u0627\u0644\u0645\u062d\u062a\u0648\u064a\u0627\u062a \u0627\u0644\u062e\u0627\u0631\u062c\u064a\u0629 \u0644\u0644\u062a\u0623\u0643\u062f \u0645\u0646 \u0639\u062f\u0645 \u0648\u062c\u0648\u062f \u0645\u062d\u062a\u0648\u0649 \u063a\u064a\u0631 \u0642\u0627\u0646\u0648\u0646\u064a \u0648\u0642\u062a \u0625\u0646\u0634\u0627\u0621 \u0627\u0644\u0631\u0627\u0628\u0637 \u0644\u0623\u0648\u0644 \u0645\u0631\u0629. \u0625\u0630\u0627 \u0639\u0644\u0645\u0646\u0627 \u0628\u0648\u062c\u0648\u062f \u0623\u064a \u0627\u0646\u062a\u0647\u0627\u0643\u0627\u062a \u0642\u0627\u0646\u0648\u0646\u064a\u0629\u060c \u0641\u0633\u064a\u062a\u0645 \u0625\u0632\u0627\u0644\u0629 \u0627\u0644\u0631\u0627\u0628\u0637 \u0627\u0644\u0645\u0642\u0627\u0628\u0644 \u0639\u0644\u0649 \u0627\u0644\u0641\u0648\u0631.<\/p>\n\n\n\n<p><strong>\u0627\u0644\u0636\u0645\u0627\u0646<\/strong><\/p>\n\n\n\n<p>\u064a\u062a\u0645 \u062a\u0648\u0641\u064a\u0631 \u0627\u0644\u0645\u0639\u0644\u0648\u0645\u0627\u062a \u0639\u0644\u0649 \u0645\u0648\u0642\u0639\u0646\u0627 \u0627\u0644\u0625\u0644\u0643\u062a\u0631\u0648\u0646\u064a \u0628\u0623\u0643\u0628\u0631 \u0642\u062f\u0631 \u0645\u0645\u0643\u0646 \u0645\u0646 \u0627\u0644\u0639\u0646\u0627\u064a\u0629. \u0648\u0645\u0639 \u0630\u0644\u0643\u060c \u0644\u0627 \u062a\u062a\u062d\u0645\u0644 ICSL \u062f\u0628\u064a \u0623\u064a \u0645\u0633\u0624\u0648\u0644\u064a\u0629 \u0639\u0646 \u0627\u0643\u062a\u0645\u0627\u0644 \u0623\u0648 \u062f\u0642\u0629 \u0623\u0648 \u0645\u0644\u0627\u0621\u0645\u0629 \u0627\u0644\u0645\u062d\u062a\u0648\u0649 \u0644\u0623\u063a\u0631\u0627\u0636 \u0645\u062d\u062f\u062f\u0629. \u0648\u064a\u062a\u062d\u0645\u0644 \u0627\u0644\u0645\u0633\u062a\u062e\u062f\u0645 \u0645\u0633\u0624\u0648\u0644\u064a\u0629 \u0627\u0633\u062a\u062e\u062f\u0627\u0645 \u0627\u0644\u0645\u062d\u062a\u0648\u0649 \u0627\u0644\u0645\u0642\u062f\u0645 \u0639\u0644\u0649 \u0645\u0633\u0624\u0648\u0644\u064a\u062a\u0647 \u0627\u0644\u062e\u0627\u0635\u0629.<\/p>\n\n\n\n<p><em>(\u0644\u0644\u0623\u0633\u0626\u0644\u0629 \u0627\u0644\u0645\u062a\u0639\u0644\u0642\u0629 \u0628\u0627\u0633\u062a\u062e\u062f\u0627\u0645 \u0627\u0644\u0645\u062d\u062a\u0648\u0649 \u0623\u0648 \u0627\u0644\u0645\u0639\u0644\u0648\u0645\u0627\u062a \u0627\u0644\u0642\u0627\u0646\u0648\u0646\u064a\u0629\u060c \u064a\u064f\u0631\u062c\u0649 \u0627\u0644\u0627\u062a\u0635\u0627\u0644 \u0628\u0646\u0627 \u0645\u0628\u0627\u0634\u0631\u0629\u064b).<\/em><\/p>","protected":false},"excerpt":{"rendered":"<p>Impressum 1. Verantwortlicher ICSL Dubai \u2013 International Capital Solutions LawyersBusiness Bay, Dubai, Vereinigte Arabische EmirateE-Mail: hello@icsl.ae URHEBERRECHT Alle Inhalte unserer Webseite sind urheberrechtlich gesch\u00fctzt. Die Nutzung der Inhalte ist ausdr\u00fccklich f\u00fcr private, nicht kommerzielle Zwecke gestattet. Bei Vervielf\u00e4ltigungen ist auf die Urheber- und Eigentumsrechte von\u00a0ICSL Dubai hinzuweisen. Inhalte d\u00fcrfen nicht ver\u00e4ndert werden und ohne schriftliche [&hellip;]<\/p>","protected":false},"author":1,"featured_media":0,"parent":0,"menu_order":0,"comment_status":"closed","ping_status":"open","template":"","meta":{"_acf_changed":false,"footnotes":""},"class_list":["post-1971","page","type-page","status-publish","hentry"],"acf":[],"jetpack_sharing_enabled":true,"_links":{"self":[{"href":"https:\/\/icsl.ae\/ar\/wp-json\/wp\/v2\/pages\/1971","targetHints":{"allow":["GET"]}}],"collection":[{"href":"https:\/\/icsl.ae\/ar\/wp-json\/wp\/v2\/pages"}],"about":[{"href":"https:\/\/icsl.ae\/ar\/wp-json\/wp\/v2\/types\/page"}],"author":[{"embeddable":true,"href":"https:\/\/icsl.ae\/ar\/wp-json\/wp\/v2\/users\/1"}],"replies":[{"embeddable":true,"href":"https:\/\/icsl.ae\/ar\/wp-json\/wp\/v2\/comments?post=1971"}],"version-history":[{"count":2,"href":"https:\/\/icsl.ae\/ar\/wp-json\/wp\/v2\/pages\/1971\/revisions"}],"predecessor-version":[{"id":1973,"href":"https:\/\/icsl.ae\/ar\/wp-json\/wp\/v2\/pages\/1971\/revisions\/1973"}],"wp:attachment":[{"href":"https:\/\/icsl.ae\/ar\/wp-json\/wp\/v2\/media?parent=1971"}],"curies":[{"name":"wp","href":"https:\/\/api.w.org\/{rel}","templated":true}]}}